{"id":536210,"date":"2025-06-01T02:38:52","date_gmt":"2025-06-01T00:38:52","guid":{"rendered":"https:\/\/lucacastelli.com\/prodotto\/cale-en-aluminium-600g\/"},"modified":"2025-08-06T09:54:57","modified_gmt":"2025-08-06T07:54:57","slug":"cale-en-aluminium-600g","status":"publish","type":"product","link":"https:\/\/lucacastelli.com\/fr\/produit\/cale-en-aluminium-600g\/","title":{"rendered":"Cale en aluminium, 600g"},"content":{"rendered":"<p>Fabriqu\u00e9 en alliage d&#8217;aluminium de haute qualit\u00e9. Tranchant fin pour une bonne p\u00e9n\u00e9tration dans le bois. Trois ex\u00e9cutions pour les petits, moyens et gros diam\u00e8tres de b\u00fbches. Toutes les ex\u00e9cutions ont une lamelle anti-retour, une rainure centrale et un c\u00f4t\u00e9 lisse pour faciliter l&#8217;insertion d&#8217;un deuxi\u00e8me coin dans la coupe d&#8217;abattage.<br \/>\n886661015290   <\/p>\n","protected":false},"excerpt":{"rendered":"<p>Cale en aluminium, 600g<\/p>\n","protected":false},"featured_media":469240,"template":"","meta":{"_seopress_robots_primary_cat":"","_seopress_titles_title":"","_seopress_titles_desc":"","_seopress_robots_index":""},"product_brand":[3555],"product_cat":[167,1685],"product_tag":[3267],"class_list":{"0":"post-536210","1":"product","2":"type-product","3":"status-publish","4":"has-post-thumbnail","6":"product_brand-stihl-fr","7":"product_cat-machines","8":"product_cat-outils-et-accessoires-forestiers","9":"product_tag-import-stihl-fr","10":"sws-gruppo-macchinari-fr","11":"sws-conto-ricavi-merci-rivendita-macchinari-fr","12":"sws-gruppo-iva-iva81-fr","14":"first","15":"onbackorder","16":"purchasable","17":"product-type-simple"},"_links":{"self":[{"href":"https:\/\/lucacastelli.com\/fr\/wp-json\/wp\/v2\/product\/536210","targetHints":{"allow":["GET"]}}],"collection":[{"href":"https:\/\/lucacastelli.com\/fr\/wp-json\/wp\/v2\/product"}],"about":[{"href":"https:\/\/lucacastelli.com\/fr\/wp-json\/wp\/v2\/types\/product"}],"wp:featuredmedia":[{"embeddable":true,"href":"https:\/\/lucacastelli.com\/fr\/wp-json\/wp\/v2\/media\/469240"}],"wp:attachment":[{"href":"https:\/\/lucacastelli.com\/fr\/wp-json\/wp\/v2\/media?parent=536210"}],"wp:term":[{"taxonomy":"product_brand","embeddable":true,"href":"https:\/\/lucacastelli.com\/fr\/wp-json\/wp\/v2\/product_brand?post=536210"},{"taxonomy":"product_cat","embeddable":true,"href":"https:\/\/lucacastelli.com\/fr\/wp-json\/wp\/v2\/product_cat?post=536210"},{"taxonomy":"product_tag","embeddable":true,"href":"https:\/\/lucacastelli.com\/fr\/wp-json\/wp\/v2\/product_tag?post=536210"}],"curies":[{"name":"wp","href":"https:\/\/api.w.org\/{rel}","templated":true}]}}