{"id":536205,"date":"2025-06-01T02:38:34","date_gmt":"2025-06-01T00:38:34","guid":{"rendered":"https:\/\/lucacastelli.com\/prodotto\/cale-dabattage-et-de-coupe-synthetique-23cm\/"},"modified":"2025-08-06T09:55:01","modified_gmt":"2025-08-06T07:55:01","slug":"cale-dabattage-et-de-coupe-synthetique-23cm","status":"publish","type":"product","link":"https:\/\/lucacastelli.com\/fr\/produit\/cale-dabattage-et-de-coupe-synthetique-23cm\/","title":{"rendered":"Cale d&#8217;abattage et de coupe, synth\u00e9tique, 23cm"},"content":{"rendered":"<p>Fabriqu\u00e9 en polyamide r\u00e9sistant aux chocs avec une structure de surface des deux c\u00f4t\u00e9s con\u00e7ue pour une conduite s\u00fbre. Longueur 19 cm pour les bois d&#8217;\u00e9paisseur moyenne, 23 cm pour les bois moyens et \u00e9pais, 25 cm avec un angle de calage plus important.<br \/>\n795711120788 <\/p>\n","protected":false},"excerpt":{"rendered":"<p>Cale d&#8217;abattage et de coupe, synth\u00e9tique, 23cm<\/p>\n","protected":false},"featured_media":482331,"template":"","meta":{"_seopress_robots_primary_cat":"","_seopress_titles_title":"","_seopress_titles_desc":"","_seopress_robots_index":""},"product_brand":[3366],"product_cat":[29,484],"product_tag":[3265],"class_list":{"0":"post-536205","1":"product","2":"type-product","3":"status-publish","4":"has-post-thumbnail","6":"product_brand-stihl","7":"product_cat-macchinari","8":"product_cat-utensili-e-accessori-forestali","9":"product_tag-import-stihl","10":"sws-gruppo-macchinari-fr","11":"sws-conto-ricavi-merci-rivendita-macchinari-fr","12":"sws-gruppo-iva-iva81-fr","14":"first","15":"onbackorder","16":"purchasable","17":"product-type-simple"},"_links":{"self":[{"href":"https:\/\/lucacastelli.com\/fr\/wp-json\/wp\/v2\/product\/536205","targetHints":{"allow":["GET"]}}],"collection":[{"href":"https:\/\/lucacastelli.com\/fr\/wp-json\/wp\/v2\/product"}],"about":[{"href":"https:\/\/lucacastelli.com\/fr\/wp-json\/wp\/v2\/types\/product"}],"wp:featuredmedia":[{"embeddable":true,"href":"https:\/\/lucacastelli.com\/fr\/wp-json\/wp\/v2\/media\/482331"}],"wp:attachment":[{"href":"https:\/\/lucacastelli.com\/fr\/wp-json\/wp\/v2\/media?parent=536205"}],"wp:term":[{"taxonomy":"product_brand","embeddable":true,"href":"https:\/\/lucacastelli.com\/fr\/wp-json\/wp\/v2\/product_brand?post=536205"},{"taxonomy":"product_cat","embeddable":true,"href":"https:\/\/lucacastelli.com\/fr\/wp-json\/wp\/v2\/product_cat?post=536205"},{"taxonomy":"product_tag","embeddable":true,"href":"https:\/\/lucacastelli.com\/fr\/wp-json\/wp\/v2\/product_tag?post=536205"}],"curies":[{"name":"wp","href":"https:\/\/api.w.org\/{rel}","templated":true}]}}