{"id":536161,"date":"2025-06-01T02:37:07","date_gmt":"2025-06-01T00:37:07","guid":{"rendered":"https:\/\/lucacastelli.com\/prodotto\/marqueur-pro-rouge\/"},"modified":"2026-01-19T11:30:36","modified_gmt":"2026-01-19T10:30:36","slug":"marqueur-pro-rouge","status":"publish","type":"product","link":"https:\/\/lucacastelli.com\/fr\/produit\/marqueur-pro-rouge\/","title":{"rendered":"Marqueur PRO, rouge"},"content":{"rendered":"<p>Craie foresti\u00e8re pour le marquage, disponible en diff\u00e9rentes couleurs. Pour le bois sec ou humide. Paquets de 12 unit\u00e9s.<br \/>\n795711001964  <\/p>\n","protected":false},"excerpt":{"rendered":"<p>Marqueur PRO, rouge<\/p>\n","protected":false},"featured_media":482169,"template":"","meta":{"_seopress_robots_primary_cat":"","_seopress_titles_title":"","_seopress_titles_desc":"","_seopress_robots_index":""},"product_brand":[3366],"product_cat":[29,484],"product_tag":[3265],"class_list":{"0":"post-536161","1":"product","2":"type-product","3":"status-publish","4":"has-post-thumbnail","6":"product_brand-stihl","7":"product_cat-macchinari","8":"product_cat-utensili-e-accessori-forestali","9":"product_tag-import-stihl","10":"sws-gruppo-abb-libero-fr","11":"sws-conto-ricavi-merci-rivendita-abbigliamento-fr","12":"sws-gruppo-iva-iva81-fr","14":"first","15":"onbackorder","16":"purchasable","17":"product-type-simple"},"_links":{"self":[{"href":"https:\/\/lucacastelli.com\/fr\/wp-json\/wp\/v2\/product\/536161","targetHints":{"allow":["GET"]}}],"collection":[{"href":"https:\/\/lucacastelli.com\/fr\/wp-json\/wp\/v2\/product"}],"about":[{"href":"https:\/\/lucacastelli.com\/fr\/wp-json\/wp\/v2\/types\/product"}],"wp:featuredmedia":[{"embeddable":true,"href":"https:\/\/lucacastelli.com\/fr\/wp-json\/wp\/v2\/media\/482169"}],"wp:attachment":[{"href":"https:\/\/lucacastelli.com\/fr\/wp-json\/wp\/v2\/media?parent=536161"}],"wp:term":[{"taxonomy":"product_brand","embeddable":true,"href":"https:\/\/lucacastelli.com\/fr\/wp-json\/wp\/v2\/product_brand?post=536161"},{"taxonomy":"product_cat","embeddable":true,"href":"https:\/\/lucacastelli.com\/fr\/wp-json\/wp\/v2\/product_cat?post=536161"},{"taxonomy":"product_tag","embeddable":true,"href":"https:\/\/lucacastelli.com\/fr\/wp-json\/wp\/v2\/product_tag?post=536161"}],"curies":[{"name":"wp","href":"https:\/\/api.w.org\/{rel}","templated":true}]}}