{"id":534453,"date":"2025-06-01T02:45:23","date_gmt":"2025-06-01T00:45:23","guid":{"rendered":"https:\/\/lucacastelli.com\/prodotto\/lunettes-de-securite-integrees-stihl\/"},"modified":"2025-06-01T02:45:23","modified_gmt":"2025-06-01T00:45:23","slug":"lunettes-de-securite-integrees-stihl","status":"publish","type":"product","link":"https:\/\/lucacastelli.com\/fr\/produit\/lunettes-de-securite-integrees-stihl\/","title":{"rendered":"Lunettes de s\u00e9curit\u00e9 int\u00e9gr\u00e9es STIHL"},"content":{"rendered":"<p>Convient au kit de casque ADVANCE Vent et ADVANCE X-Vent (Code 0000 894 9402).<br \/>\nConvient au kit de casque DYNAMIC X-Ergo (Code 0000 884 0182).<br \/>\n886661848355<\/p>\n","protected":false},"excerpt":{"rendered":"<p>Lunettes de protection int\u00e9gr\u00e9es<\/p>\n","protected":false},"featured_media":425621,"template":"","meta":{"_seopress_robots_primary_cat":"","_seopress_titles_title":"","_seopress_titles_desc":"","_seopress_robots_index":""},"product_brand":[3555],"product_cat":[1405,144,1397,1412],"product_tag":[3267],"class_list":{"0":"post-534453","1":"product","2":"type-product","3":"status-publish","4":"has-post-thumbnail","6":"product_brand-stihl-fr","7":"product_cat-casques","8":"product_cat-equipement","9":"product_cat-equipement-de-travail","10":"product_cat-visieres-et-lunettes","11":"product_tag-import-stihl-fr","12":"sws-gruppo-abb-libero-fr","13":"sws-conto-ricavi-merci-rivendita-abbigliamento-fr","14":"sws-gruppo-iva-iva81-fr","16":"first","17":"onbackorder","18":"purchasable","19":"product-type-simple"},"_links":{"self":[{"href":"https:\/\/lucacastelli.com\/fr\/wp-json\/wp\/v2\/product\/534453","targetHints":{"allow":["GET"]}}],"collection":[{"href":"https:\/\/lucacastelli.com\/fr\/wp-json\/wp\/v2\/product"}],"about":[{"href":"https:\/\/lucacastelli.com\/fr\/wp-json\/wp\/v2\/types\/product"}],"wp:featuredmedia":[{"embeddable":true,"href":"https:\/\/lucacastelli.com\/fr\/wp-json\/wp\/v2\/media\/425621"}],"wp:attachment":[{"href":"https:\/\/lucacastelli.com\/fr\/wp-json\/wp\/v2\/media?parent=534453"}],"wp:term":[{"taxonomy":"product_brand","embeddable":true,"href":"https:\/\/lucacastelli.com\/fr\/wp-json\/wp\/v2\/product_brand?post=534453"},{"taxonomy":"product_cat","embeddable":true,"href":"https:\/\/lucacastelli.com\/fr\/wp-json\/wp\/v2\/product_cat?post=534453"},{"taxonomy":"product_tag","embeddable":true,"href":"https:\/\/lucacastelli.com\/fr\/wp-json\/wp\/v2\/product_tag?post=534453"}],"curies":[{"name":"wp","href":"https:\/\/api.w.org\/{rel}","templated":true}]}}