{"id":534450,"date":"2025-06-01T02:44:02","date_gmt":"2025-06-01T00:44:02","guid":{"rendered":"https:\/\/lucacastelli.com\/prodotto\/stihl-extension-de-la-visiere\/"},"modified":"2025-06-01T02:44:02","modified_gmt":"2025-06-01T00:44:02","slug":"stihl-extension-de-la-visiere","status":"publish","type":"product","link":"https:\/\/lucacastelli.com\/fr\/produit\/stihl-extension-de-la-visiere\/","title":{"rendered":"STIHL Extension de la visi\u00e8re"},"content":{"rendered":"<p>pPour prot\u00e9ger la zone du cou des particules de salet\u00e9 \u00e9ject\u00e9es, par exemple des copeaux de bois. Convient aux ensembles de casques ADVANCE X-VENT et ADVANCE Vent.\/p<br \/>\n886661848768<\/p>\n","protected":false},"excerpt":{"rendered":"<p>Extension de la visi\u00e8re<\/p>\n","protected":false},"featured_media":425552,"template":"","meta":{"_seopress_robots_primary_cat":"","_seopress_titles_title":"","_seopress_titles_desc":"","_seopress_robots_index":""},"product_brand":[3366],"product_cat":[537,815],"product_tag":[3265],"class_list":{"0":"post-534450","1":"product","2":"type-product","3":"status-publish","4":"has-post-thumbnail","6":"product_brand-stihl","7":"product_cat-attrezzatura-da-lavoro","8":"product_cat-caschi","9":"product_tag-import-stihl","10":"sws-gruppo-abb-libero-fr","11":"sws-conto-ricavi-merci-rivendita-abbigliamento-fr","12":"sws-gruppo-iva-iva81-fr","14":"first","15":"onbackorder","16":"purchasable","17":"product-type-simple"},"_links":{"self":[{"href":"https:\/\/lucacastelli.com\/fr\/wp-json\/wp\/v2\/product\/534450","targetHints":{"allow":["GET"]}}],"collection":[{"href":"https:\/\/lucacastelli.com\/fr\/wp-json\/wp\/v2\/product"}],"about":[{"href":"https:\/\/lucacastelli.com\/fr\/wp-json\/wp\/v2\/types\/product"}],"wp:featuredmedia":[{"embeddable":true,"href":"https:\/\/lucacastelli.com\/fr\/wp-json\/wp\/v2\/media\/425552"}],"wp:attachment":[{"href":"https:\/\/lucacastelli.com\/fr\/wp-json\/wp\/v2\/media?parent=534450"}],"wp:term":[{"taxonomy":"product_brand","embeddable":true,"href":"https:\/\/lucacastelli.com\/fr\/wp-json\/wp\/v2\/product_brand?post=534450"},{"taxonomy":"product_cat","embeddable":true,"href":"https:\/\/lucacastelli.com\/fr\/wp-json\/wp\/v2\/product_cat?post=534450"},{"taxonomy":"product_tag","embeddable":true,"href":"https:\/\/lucacastelli.com\/fr\/wp-json\/wp\/v2\/product_tag?post=534450"}],"curies":[{"name":"wp","href":"https:\/\/api.w.org\/{rel}","templated":true}]}}