{"id":534441,"date":"2025-06-01T02:41:58","date_gmt":"2025-06-01T00:41:58","guid":{"rendered":"https:\/\/lucacastelli.com\/prodotto\/ensemble-de-casques-descalade-advance-x-climb-de-stihl\/"},"modified":"2026-03-06T16:58:37","modified_gmt":"2026-03-06T15:58:37","slug":"ensemble-de-casques-descalade-advance-x-climb-de-stihl","status":"publish","type":"product","link":"https:\/\/lucacastelli.com\/fr\/produit\/ensemble-de-casques-descalade-advance-x-climb-de-stihl\/","title":{"rendered":"Ensemble de casques d&#8217;escalade ADVANCE X-CLIMB de STIHL"},"content":{"rendered":"<p>pLes casques ADVANCE X-CLIMB de STIHL, avec visi\u00e8re en nylon et visi\u00e8re en m\u00e9tal grav\u00e9, offrent aux professionnels une protection lors des travaux d&#8217;entretien des arbres, notamment dans la couronne. Ils sont \u00e9galement homologu\u00e9s pour une utilisation avec des Tron\u00e7onneuses au sol. L&#8217;excellent \u00e9quilibre des casques d&#8217;escalade garantit une sensation de confort. Gr\u00e2ce au r\u00e9glage en largeur, les casques d&#8217;escalade STIHL ADVANCE X-Climb avec visi\u00e8re en nylon et visi\u00e8re en m\u00e9tal grav\u00e9 peuvent \u00eatre ajust\u00e9s confortablement, et la structure int\u00e9rieure en 6 points offre un grand confort. Les grandes ouvertures de ventilation situ\u00e9es \u00e0 plusieurs endroits de la coque r\u00e9duisent consid\u00e9rablement la chaleur \u00e0 l&#8217;int\u00e9rieur du casque. Gr\u00e2ce aux bandes r\u00e9fl\u00e9chissantes et au pourcentage \u00e9lev\u00e9 d&#8217;orange fluorescent, vous \u00eates clairement visible lorsque vous travaillez. La Ceinture 4 points avec fermeture magn\u00e9tique automatique offre un excellent ajustement et une grande facilit\u00e9 d&#8217;utilisation. Les casques d&#8217;escalade STIHL peuvent \u00eatre \u00e9quip\u00e9s en option d&#8217;une housse de protection contre la pluie, d&#8217;un jeu de capsules Bluetooth\u00ae ou d&#8217;un jeu de capsules ADVANCE ProCOM. Les casques ADVANCE X-Climb sont disponibles en tant que set de casques et en tant que casque de protection sans visi\u00e8re et sans protection auditive. Le set de casques ADVANCE X-Climb de STIHL, avec visi\u00e8re en nylon et visi\u00e8re en m\u00e9tal grav\u00e9, est dot\u00e9 d&#8217;une protection auditive avec une valeur d&#8217;att\u00e9nuation de SNR 28. La protection faciale du mod\u00e8le \u00e0 visi\u00e8re en nylon offre une transmission de la lumi\u00e8re de 55 %, garantissant une bonne visibilit\u00e9 m\u00eame dans des conditions de faible luminosit\u00e9. Pour une transmission de la lumi\u00e8re encore plus \u00e9lev\u00e9e, jusqu&#8217;\u00e0 70 %, le mod\u00e8le avec visi\u00e8re en m\u00e9tal grav\u00e9 est \u00e9quip\u00e9 d&#8217;une visi\u00e8re en acier \u00e0 ressort.\/ppLes sp\u00e9cifications suivantes s&#8217;appliquent \u00e0 tous les cas de la s\u00e9rie ADVANCE X-Climb:\/pullsMat\u00e9riau de la coque : ABS\/liliMat\u00e9riau du bandeau de transpiration : cuir synth\u00e9tique\/li\/ulpPour les sets de casques ADVANCE X-Climb, avec visi\u00e8re en nylon (N\u00b0 d&#8217;art : et avec visi\u00e8re en nylon), le set de casques ADVANCE X-Climb avec visi\u00e8re en nylon (N\u00b0 d&#8217;art : ) et le set de casques ADVANCE X-CLIMB avec visi\u00e8re en nylon (N\u00b0 d&#8217;art : ).Pour le casque sans visi\u00e8re et protection auditive (Art.-No. : 00008880812) et visi\u00e8re en m\u00e9tal grav\u00e9 (Art.-No. : 00008880814), les normes suivantes s&#8217;appliquent EN:\/pulliEN 12492, EN 397, EN 352, EN 1731\/liliProtection auditive : SNR 28 (H : 32, M : 26, L : 16)\/li\/ulpPour le casque sans visi\u00e8re et protection auditive (Art.-No. : 00008899045), les normes suivantes s&#8217;appliquent EN:\/pulliEN 12492, EN 397\/li\/ul<br \/>\n886661558858<\/p>\n<p>Valeur d&#8217;isolation 28<br \/>\nValeur H<\/p>\n<p>M Valeur<br \/>\nL Valeur 16<br \/>\nTransmission de la lumi\u00e8re 55<\/p>\n","protected":false},"excerpt":{"rendered":"<p>Set de casques ADVANCE X-CLIMB<\/p>\n","protected":false},"featured_media":437997,"template":"","meta":{"_seopress_robots_primary_cat":"none","_seopress_titles_title":"","_seopress_titles_desc":"","_seopress_robots_index":""},"product_brand":[3366],"product_cat":[33,537,815],"product_tag":[3265],"class_list":{"0":"post-534441","1":"product","2":"type-product","3":"status-publish","4":"has-post-thumbnail","6":"product_brand-stihl","7":"product_cat-attrezzature","8":"product_cat-attrezzatura-da-lavoro","9":"product_cat-caschi","10":"product_tag-import-stihl","11":"sws-gruppo-macchinari-fr","12":"sws-conto-ricavi-merci-rivendita-macchinari-fr","13":"sws-gruppo-iva-iva81-fr","15":"first","16":"onbackorder","17":"sale","18":"purchasable","19":"product-type-simple"},"_links":{"self":[{"href":"https:\/\/lucacastelli.com\/fr\/wp-json\/wp\/v2\/product\/534441","targetHints":{"allow":["GET"]}}],"collection":[{"href":"https:\/\/lucacastelli.com\/fr\/wp-json\/wp\/v2\/product"}],"about":[{"href":"https:\/\/lucacastelli.com\/fr\/wp-json\/wp\/v2\/types\/product"}],"wp:featuredmedia":[{"embeddable":true,"href":"https:\/\/lucacastelli.com\/fr\/wp-json\/wp\/v2\/media\/437997"}],"wp:attachment":[{"href":"https:\/\/lucacastelli.com\/fr\/wp-json\/wp\/v2\/media?parent=534441"}],"wp:term":[{"taxonomy":"product_brand","embeddable":true,"href":"https:\/\/lucacastelli.com\/fr\/wp-json\/wp\/v2\/product_brand?post=534441"},{"taxonomy":"product_cat","embeddable":true,"href":"https:\/\/lucacastelli.com\/fr\/wp-json\/wp\/v2\/product_cat?post=534441"},{"taxonomy":"product_tag","embeddable":true,"href":"https:\/\/lucacastelli.com\/fr\/wp-json\/wp\/v2\/product_tag?post=534441"}],"curies":[{"name":"wp","href":"https:\/\/api.w.org\/{rel}","templated":true}]}}