{"id":534432,"date":"2025-06-01T02:41:38","date_gmt":"2025-06-01T00:41:38","guid":{"rendered":"https:\/\/lucacastelli.com\/prodotto\/stihl-advance-x-vent-ensemble-de-casques-de-protection-contre-le-bruit\/"},"modified":"2025-06-01T02:41:38","modified_gmt":"2025-06-01T00:41:38","slug":"stihl-advance-x-vent-ensemble-de-casques-de-protection-contre-le-bruit","status":"publish","type":"product","link":"https:\/\/lucacastelli.com\/fr\/produit\/stihl-advance-x-vent-ensemble-de-casques-de-protection-contre-le-bruit\/","title":{"rendered":"STIHL ADVANCE X-VENT Ensemble de casques de protection contre le bruit"},"content":{"rendered":"<p>pLes casques STIHL de la s\u00e9rie ADVANCE X-VENT offrent aux professionnels une tr\u00e8s bonne r\u00e9partition du poids et donc une sensation de confort. La protection faciale du set de casques ADVANCE X-VENT Sound de STIHL se compose d&#8217;une maille en acier \u00e0 ressorts avec une transmission de la lumi\u00e8re tr\u00e8s \u00e9lev\u00e9e de 75-80%. Ainsi, une bonne visibilit\u00e9 est maintenue m\u00eame dans des conditions de faible luminosit\u00e9. Une bonne ventilation est assur\u00e9e par les ouvertures r\u00e9parties sur l&#8217;ensemble du casque STIHL. Gr\u00e2ce \u00e0 la structure interne en 6 points et au r\u00e9glage de la largeur, le casque de protection peut \u00eatre rapidement et facilement adapt\u00e9 \u00e0 la forme de la t\u00eate d&#8217;une seule main. Cet ensemble de casques offre des possibilit\u00e9s de communication am\u00e9lior\u00e9es gr\u00e2ce aux capsules d&#8217;oreilles Bluetooth\u00ae.\/ppUn \u00e9cran anti-pluie, des lunettes de protection int\u00e9gr\u00e9es, une rallonge de visi\u00e8re et une mentonni\u00e8re sont disponibles comme accessoires optionnels pour les casques ADVANCE X-VENT Sound de STIHL.\/ppLes sp\u00e9cifications suivantes s&#8217;appliquent au casque ADVANCE X-Vent Sound:\/Mat\u00e9riau de la coque du casque : ABS\/liliMat\u00e9riau du bandeau de transpiration : mat\u00e9riau fonctionnel\/liliExigences de s\u00e9curit\u00e9 : EN 352, EN 397, EN 1731\/liliProtection de l&#8217;ou\u00efe : SNR 27 (H : 31, M : 24, L : 18)\/li\/ul<br \/>\n886661344635<\/p>\n<p>Valeur d&#8217;isolation 27<br \/>\nValeur H<\/p>\n<p>Valeur M<br \/>\nValeur L 18<br \/>\nTransmission de la lumi\u00e8re 85<\/p>\n","protected":false},"excerpt":{"rendered":"<p>ADVANCE X-VENT Sound Helmet Set<\/p>\n","protected":false},"featured_media":437990,"template":"","meta":{"_seopress_robots_primary_cat":"","_seopress_titles_title":"","_seopress_titles_desc":"","_seopress_robots_index":""},"product_brand":[3366],"product_cat":[33,537,815],"product_tag":[3265],"class_list":{"0":"post-534432","1":"product","2":"type-product","3":"status-publish","4":"has-post-thumbnail","6":"product_brand-stihl","7":"product_cat-attrezzature","8":"product_cat-attrezzatura-da-lavoro","9":"product_cat-caschi","10":"product_tag-import-stihl","11":"sws-gruppo-abb-libero-fr","12":"sws-conto-ricavi-merci-rivendita-abbigliamento-fr","13":"sws-gruppo-iva-iva81-fr","15":"first","16":"onbackorder","17":"purchasable","18":"product-type-simple"},"_links":{"self":[{"href":"https:\/\/lucacastelli.com\/fr\/wp-json\/wp\/v2\/product\/534432","targetHints":{"allow":["GET"]}}],"collection":[{"href":"https:\/\/lucacastelli.com\/fr\/wp-json\/wp\/v2\/product"}],"about":[{"href":"https:\/\/lucacastelli.com\/fr\/wp-json\/wp\/v2\/types\/product"}],"wp:featuredmedia":[{"embeddable":true,"href":"https:\/\/lucacastelli.com\/fr\/wp-json\/wp\/v2\/media\/437990"}],"wp:attachment":[{"href":"https:\/\/lucacastelli.com\/fr\/wp-json\/wp\/v2\/media?parent=534432"}],"wp:term":[{"taxonomy":"product_brand","embeddable":true,"href":"https:\/\/lucacastelli.com\/fr\/wp-json\/wp\/v2\/product_brand?post=534432"},{"taxonomy":"product_cat","embeddable":true,"href":"https:\/\/lucacastelli.com\/fr\/wp-json\/wp\/v2\/product_cat?post=534432"},{"taxonomy":"product_tag","embeddable":true,"href":"https:\/\/lucacastelli.com\/fr\/wp-json\/wp\/v2\/product_tag?post=534432"}],"curies":[{"name":"wp","href":"https:\/\/api.w.org\/{rel}","templated":true}]}}