{"id":534430,"date":"2025-06-01T02:41:56","date_gmt":"2025-06-01T00:41:56","guid":{"rendered":"https:\/\/lucacastelli.com\/prodotto\/stihl-function-jeu-de-casques-de-base\/"},"modified":"2026-03-14T01:02:44","modified_gmt":"2026-03-14T00:02:44","slug":"stihl-function-jeu-de-casques-de-base","status":"publish","type":"product","link":"https:\/\/lucacastelli.com\/fr\/produit\/stihl-function-jeu-de-casques-de-base\/","title":{"rendered":"STIHL FUNCTION Jeu de casques de base"},"content":{"rendered":"<p>pLe casque STIHL FUNCTION Basic est un mod\u00e8le d&#8217;entr\u00e9e de gamme pour les utilisateurs occasionnels et les particuliers. Ce casque est \u00e9quip\u00e9 d&#8217;un filet en nylon r\u00e9sistant et, gr\u00e2ce \u00e0 la ventilation du casque au moyen de d\u00f4mes, offre un haut degr\u00e9 de confort. Pour une utilisation sous la pluie, le casque peut \u00e9galement \u00eatre \u00e9quip\u00e9 d&#8217;une housse de pluie STIHL en option. L&#8217;ensemble de casques STIHL FUNCTION Basic comprend une protection auditive avec un indice d&#8217;isolation SNR 27 et une construction int\u00e9rieure \u00e0 6 points, qui permet d&#8217;ajuster facilement le casque STIHL \u00e0 votre t\u00eate. La transmission de la lumi\u00e8re par la visi\u00e8re est de 61 %. Cet ensemble de casques est \u00e9quip\u00e9 d&#8217;une goutti\u00e8re.\/ppLes sp\u00e9cifications suivantes s&#8217;appliquent \u00e0 l&#8217;ensemble de casques FUNCTION Basic:\/Mat\u00e9riau de la coque du casque : HPDE\/liliMat\u00e9riau du bandeau de transpiration : mat\u00e9riau fonctionnel\/liliProtection auditive : SNR 27 (H : 29, M : 26, L : 19)\/liliExigences de s\u00e9curit\u00e9 : EN 352, EN 397, EN 1731\/li\/ul<br \/>\n886661919154<\/p>\n<p>Valeur d&#8217;isolation 27<br \/>\nValeur H<\/p>\n<p>M Valeur<br \/>\nL Valeur 19<br \/>\nTransmission de la lumi\u00e8re 55<\/p>\n","protected":false},"excerpt":{"rendered":"<p>FUNCTION Jeu de casques de base<\/p>\n","protected":false},"featured_media":425488,"template":"","meta":{"_seopress_robots_primary_cat":"","_seopress_titles_title":"","_seopress_titles_desc":"","_seopress_robots_index":""},"product_brand":[3366],"product_cat":[33,537,815,816],"product_tag":[3265],"class_list":{"0":"post-534430","1":"product","2":"type-product","3":"status-publish","4":"has-post-thumbnail","6":"product_brand-stihl","7":"product_cat-attrezzature","8":"product_cat-attrezzatura-da-lavoro","9":"product_cat-caschi","10":"product_cat-visiere-e-occhiali-protettivi","11":"product_tag-import-stihl","12":"sws-gruppo-abb-libero-fr","13":"sws-conto-ricavi-merci-rivendita-abbigliamento-fr","14":"sws-gruppo-iva-iva81-fr","16":"first","17":"onbackorder","18":"purchasable","19":"product-type-simple"},"_links":{"self":[{"href":"https:\/\/lucacastelli.com\/fr\/wp-json\/wp\/v2\/product\/534430","targetHints":{"allow":["GET"]}}],"collection":[{"href":"https:\/\/lucacastelli.com\/fr\/wp-json\/wp\/v2\/product"}],"about":[{"href":"https:\/\/lucacastelli.com\/fr\/wp-json\/wp\/v2\/types\/product"}],"wp:featuredmedia":[{"embeddable":true,"href":"https:\/\/lucacastelli.com\/fr\/wp-json\/wp\/v2\/media\/425488"}],"wp:attachment":[{"href":"https:\/\/lucacastelli.com\/fr\/wp-json\/wp\/v2\/media?parent=534430"}],"wp:term":[{"taxonomy":"product_brand","embeddable":true,"href":"https:\/\/lucacastelli.com\/fr\/wp-json\/wp\/v2\/product_brand?post=534430"},{"taxonomy":"product_cat","embeddable":true,"href":"https:\/\/lucacastelli.com\/fr\/wp-json\/wp\/v2\/product_cat?post=534430"},{"taxonomy":"product_tag","embeddable":true,"href":"https:\/\/lucacastelli.com\/fr\/wp-json\/wp\/v2\/product_tag?post=534430"}],"curies":[{"name":"wp","href":"https:\/\/api.w.org\/{rel}","templated":true}]}}