{"id":534418,"date":"2025-06-01T02:41:54","date_gmt":"2025-06-01T00:41:54","guid":{"rendered":"https:\/\/lucacastelli.com\/prodotto\/stihl-function-set-de-casque-universel\/"},"modified":"2025-06-01T02:41:54","modified_gmt":"2025-06-01T00:41:54","slug":"stihl-function-set-de-casque-universel","status":"publish","type":"product","link":"https:\/\/lucacastelli.com\/fr\/produit\/stihl-function-set-de-casque-universel\/","title":{"rendered":"STIHL FUNCTION Set de casque universel"},"content":{"rendered":"<p>pPour \u00e9viter les blessures \u00e0 la t\u00eate lors de l&#8217;utilisation de la Tron\u00e7onneuses, il est indispensable d&#8217;utiliser un casque. Visi\u00e8re et prot\u00e8ge-oreilles en nylon. Couleur : orange.nbsp;\/p<br \/>\n886661919147  <\/p>\n<p>Valeur d&#8217;isolation 26<br \/>\nValeur H<\/p>\n<p>M Valeur<br \/>\nL Valeur 14<br \/>\nTransmission de la lumi\u00e8re 55<\/p>\n","protected":false},"excerpt":{"rendered":"<p>FUNCTION Set de casque universel<\/p>\n","protected":false},"featured_media":425484,"template":"","meta":{"_seopress_robots_primary_cat":"","_seopress_titles_title":"","_seopress_titles_desc":"","_seopress_robots_index":""},"product_brand":[3366],"product_cat":[21,284,33,537,815,816],"product_tag":[3265],"class_list":{"0":"post-534418","1":"product","2":"type-product","3":"status-publish","4":"has-post-thumbnail","6":"product_brand-stihl","7":"product_cat-abbigliamento","8":"product_cat-abbigliamento-da-lavoro","9":"product_cat-attrezzature","10":"product_cat-attrezzatura-da-lavoro","11":"product_cat-caschi","12":"product_cat-visiere-e-occhiali-protettivi","13":"product_tag-import-stihl","14":"sws-gruppo-abb-libero-fr","15":"sws-conto-ricavi-merci-rivendita-abbigliamento-fr","16":"sws-gruppo-iva-iva81-fr","18":"first","19":"onbackorder","20":"purchasable","21":"product-type-simple"},"_links":{"self":[{"href":"https:\/\/lucacastelli.com\/fr\/wp-json\/wp\/v2\/product\/534418","targetHints":{"allow":["GET"]}}],"collection":[{"href":"https:\/\/lucacastelli.com\/fr\/wp-json\/wp\/v2\/product"}],"about":[{"href":"https:\/\/lucacastelli.com\/fr\/wp-json\/wp\/v2\/types\/product"}],"wp:featuredmedia":[{"embeddable":true,"href":"https:\/\/lucacastelli.com\/fr\/wp-json\/wp\/v2\/media\/425484"}],"wp:attachment":[{"href":"https:\/\/lucacastelli.com\/fr\/wp-json\/wp\/v2\/media?parent=534418"}],"wp:term":[{"taxonomy":"product_brand","embeddable":true,"href":"https:\/\/lucacastelli.com\/fr\/wp-json\/wp\/v2\/product_brand?post=534418"},{"taxonomy":"product_cat","embeddable":true,"href":"https:\/\/lucacastelli.com\/fr\/wp-json\/wp\/v2\/product_cat?post=534418"},{"taxonomy":"product_tag","embeddable":true,"href":"https:\/\/lucacastelli.com\/fr\/wp-json\/wp\/v2\/product_tag?post=534418"}],"curies":[{"name":"wp","href":"https:\/\/api.w.org\/{rel}","templated":true}]}}