{"id":534415,"date":"2025-06-01T02:41:51","date_gmt":"2025-06-01T00:41:51","guid":{"rendered":"https:\/\/lucacastelli.com\/prodotto\/casque-stihl-dynamic-ergo\/"},"modified":"2025-08-12T13:56:13","modified_gmt":"2025-08-12T11:56:13","slug":"casque-stihl-dynamic-ergo","status":"publish","type":"product","link":"https:\/\/lucacastelli.com\/fr\/produit\/casque-stihl-dynamic-ergo\/","title":{"rendered":"Casque STIHL DYNAMIC Ergo"},"content":{"rendered":"<p>pHelmet pour les professionnels et les amateurs. Poids optimis\u00e9 pour un grand confort. Tr\u00e8s bonne protection contre le bruit (SNR 27). Grande visi\u00e8re en nylon pour une bonne visibilit\u00e9. A\u00e9rations dans la partie sup\u00e9rieure du casque.nbsp;\/p<br \/>\n886661858965   <\/p>\n<p>Valeur d&#8217;isolation 27<br \/>\nValeur H<\/p>\n<p>Valeur M<br \/>\nValeur L 18<br \/>\nTransmission de la lumi\u00e8re 45<\/p>\n","protected":false},"excerpt":{"rendered":"<p>Casque DYNAMIC Ergo<\/p>\n","protected":false},"featured_media":425482,"template":"","meta":{"_seopress_robots_primary_cat":"","_seopress_titles_title":"","_seopress_titles_desc":"","_seopress_robots_index":""},"product_brand":[3366],"product_cat":[33,537,815,816],"product_tag":[3265],"class_list":{"0":"post-534415","1":"product","2":"type-product","3":"status-publish","4":"has-post-thumbnail","6":"product_brand-stihl","7":"product_cat-attrezzature","8":"product_cat-attrezzatura-da-lavoro","9":"product_cat-caschi","10":"product_cat-visiere-e-occhiali-protettivi","11":"product_tag-import-stihl","12":"sws-gruppo-abb-libero-fr","13":"sws-conto-ricavi-merci-rivendita-abbigliamento-fr","14":"sws-gruppo-iva-iva81-fr","16":"first","17":"onbackorder","18":"purchasable","19":"product-type-simple"},"_links":{"self":[{"href":"https:\/\/lucacastelli.com\/fr\/wp-json\/wp\/v2\/product\/534415","targetHints":{"allow":["GET"]}}],"collection":[{"href":"https:\/\/lucacastelli.com\/fr\/wp-json\/wp\/v2\/product"}],"about":[{"href":"https:\/\/lucacastelli.com\/fr\/wp-json\/wp\/v2\/types\/product"}],"wp:featuredmedia":[{"embeddable":true,"href":"https:\/\/lucacastelli.com\/fr\/wp-json\/wp\/v2\/media\/425482"}],"wp:attachment":[{"href":"https:\/\/lucacastelli.com\/fr\/wp-json\/wp\/v2\/media?parent=534415"}],"wp:term":[{"taxonomy":"product_brand","embeddable":true,"href":"https:\/\/lucacastelli.com\/fr\/wp-json\/wp\/v2\/product_brand?post=534415"},{"taxonomy":"product_cat","embeddable":true,"href":"https:\/\/lucacastelli.com\/fr\/wp-json\/wp\/v2\/product_cat?post=534415"},{"taxonomy":"product_tag","embeddable":true,"href":"https:\/\/lucacastelli.com\/fr\/wp-json\/wp\/v2\/product_tag?post=534415"}],"curies":[{"name":"wp","href":"https:\/\/api.w.org\/{rel}","templated":true}]}}