{"id":534396,"date":"2025-06-04T14:48:37","date_gmt":"2025-06-04T12:48:37","guid":{"rendered":"https:\/\/lucacastelli.com\/prodotto\/bottes-integrales-stihl-protect-ms-360\/"},"modified":"2025-06-04T14:48:37","modified_gmt":"2025-06-04T12:48:37","slug":"bottes-integrales-stihl-protect-ms-360","status":"publish","type":"product","link":"https:\/\/lucacastelli.com\/fr\/produit\/bottes-integrales-stihl-protect-ms-360\/","title":{"rendered":"Bottes int\u00e9grales STIHL PROTECT MS 360"},"content":{"rendered":"<p>Pour une utilisation occasionnelle avec des Tron\u00e7onneuses et r\u00e9glable en fonction de<br \/>\nl&#8217;utilisateur. Mati\u00e8re respirante \u00e0 l&#8217;arri\u00e8re de la partie sup\u00e9rieure<br \/>\nde la cuisse, fermeture \u00e0 glissi\u00e8re en haut et doublure lisse pour<br \/>\nles enfiler et les fermer en quelques secondes, genou pr\u00e9form\u00e9 pour<br \/>\nun plus grand confort. Couleur orange de signalisation. Renforts : 85 %<br \/>\npolyester, 15 % coton, tissu ext\u00e9rieur et doublure : 100 % polyester.   <\/p>\n<p>Classe de protection contre les coupures 1<br \/>\nLongueur de protection des jambes<\/p>\n<p>&nbsp;<\/p>\n","protected":false},"excerpt":{"rendered":"<p>Pour une utilisation occasionnelle avec des Tron\u00e7onneuses et r\u00e9glable en fonction de l&#8217;utilisateur. Mati\u00e8re respirante \u00e0 l&#8217;arri\u00e8re de la partie<\/p>\n","protected":false},"featured_media":515237,"template":"","meta":{"_seopress_robots_primary_cat":"none","_seopress_titles_title":"","_seopress_titles_desc":"","_seopress_robots_index":""},"product_brand":[3366],"product_cat":[21,284],"product_tag":[3265],"class_list":{"0":"post-534396","1":"product","2":"type-product","3":"status-publish","4":"has-post-thumbnail","6":"product_brand-stihl","7":"product_cat-abbigliamento","8":"product_cat-abbigliamento-da-lavoro","9":"product_tag-import-stihl","10":"sws-conto-ricavi-merci-rivendita-abbigliamento-fr","11":"sws-gruppo-iva-iva81-fr","13":"first","14":"instock","15":"sale","16":"shipping-taxable","17":"purchasable","18":"product-type-variable"},"_links":{"self":[{"href":"https:\/\/lucacastelli.com\/fr\/wp-json\/wp\/v2\/product\/534396","targetHints":{"allow":["GET"]}}],"collection":[{"href":"https:\/\/lucacastelli.com\/fr\/wp-json\/wp\/v2\/product"}],"about":[{"href":"https:\/\/lucacastelli.com\/fr\/wp-json\/wp\/v2\/types\/product"}],"wp:featuredmedia":[{"embeddable":true,"href":"https:\/\/lucacastelli.com\/fr\/wp-json\/wp\/v2\/media\/515237"}],"wp:attachment":[{"href":"https:\/\/lucacastelli.com\/fr\/wp-json\/wp\/v2\/media?parent=534396"}],"wp:term":[{"taxonomy":"product_brand","embeddable":true,"href":"https:\/\/lucacastelli.com\/fr\/wp-json\/wp\/v2\/product_brand?post=534396"},{"taxonomy":"product_cat","embeddable":true,"href":"https:\/\/lucacastelli.com\/fr\/wp-json\/wp\/v2\/product_cat?post=534396"},{"taxonomy":"product_tag","embeddable":true,"href":"https:\/\/lucacastelli.com\/fr\/wp-json\/wp\/v2\/product_tag?post=534396"}],"curies":[{"name":"wp","href":"https:\/\/api.w.org\/{rel}","templated":true}]}}