{"id":534389,"date":"2025-06-01T03:41:15","date_gmt":"2025-06-01T01:41:15","guid":{"rendered":"https:\/\/lucacastelli.com\/prodotto\/stihl-souffleur-de-jouets-a-batterie\/"},"modified":"2026-04-19T21:42:16","modified_gmt":"2026-04-19T19:42:16","slug":"stihl-souffleur-de-jouets-a-batterie","status":"publish","type":"product","link":"https:\/\/lucacastelli.com\/fr\/produit\/stihl-souffleur-de-jouets-a-batterie\/","title":{"rendered":"STIHL Souffleur de jouets \u00e0 batterie"},"content":{"rendered":"<p>Avec ce souffleur jouet, m\u00eame les jeunes enfants peuvent aider au soufflage des feuilles ! L&#8217;outil \u00e0 batterie dispose de trois r\u00e9glages diff\u00e9rents de longueur du tube souffleur, \u00e9galement enti\u00e8rement amovible. L&#8217;interrupteur marche\/arr\u00eat et l&#8217;interrupteur de s\u00e9curit\u00e9 reproduisent de mani\u00e8re ludique le fonctionnement d&#8217;un outil \u00e9lectrique professionnel.<br \/>\n886661508686  <\/p>\n<p>Groupe cible Enfant<br \/>\nCouleur Couleur<\/p>\n<p>Couleur suppl\u00e9mentaire Couleur suppl\u00e9mentaire<br \/>\nCouleur suppl\u00e9mentaire Noir<\/p>\n","protected":false},"excerpt":{"rendered":"<p>Jouet souffleur \u00e0 piles<\/p>\n","protected":false},"featured_media":427839,"template":"","meta":{"_seopress_robots_primary_cat":"none","_seopress_titles_title":"","_seopress_titles_desc":"","_seopress_robots_index":""},"product_brand":[3555],"product_cat":[1477],"product_tag":[3267,6424],"class_list":{"0":"post-534389","1":"product","2":"type-product","3":"status-publish","4":"has-post-thumbnail","6":"product_brand-stihl-fr","7":"product_cat-shop-fr","8":"product_tag-import-stihl-fr","9":"product_tag-jeux","10":"sws-gruppo-abb-libero-fr","11":"sws-conto-ricavi-merci-rivendita-abbigliamento-fr","12":"sws-gruppo-iva-iva81-fr","14":"first","15":"onbackorder","16":"featured","17":"purchasable","18":"product-type-simple"},"_links":{"self":[{"href":"https:\/\/lucacastelli.com\/fr\/wp-json\/wp\/v2\/product\/534389","targetHints":{"allow":["GET"]}}],"collection":[{"href":"https:\/\/lucacastelli.com\/fr\/wp-json\/wp\/v2\/product"}],"about":[{"href":"https:\/\/lucacastelli.com\/fr\/wp-json\/wp\/v2\/types\/product"}],"wp:featuredmedia":[{"embeddable":true,"href":"https:\/\/lucacastelli.com\/fr\/wp-json\/wp\/v2\/media\/427839"}],"wp:attachment":[{"href":"https:\/\/lucacastelli.com\/fr\/wp-json\/wp\/v2\/media?parent=534389"}],"wp:term":[{"taxonomy":"product_brand","embeddable":true,"href":"https:\/\/lucacastelli.com\/fr\/wp-json\/wp\/v2\/product_brand?post=534389"},{"taxonomy":"product_cat","embeddable":true,"href":"https:\/\/lucacastelli.com\/fr\/wp-json\/wp\/v2\/product_cat?post=534389"},{"taxonomy":"product_tag","embeddable":true,"href":"https:\/\/lucacastelli.com\/fr\/wp-json\/wp\/v2\/product_tag?post=534389"}],"curies":[{"name":"wp","href":"https:\/\/api.w.org\/{rel}","templated":true}]}}