{"id":534382,"date":"2025-06-01T03:41:14","date_gmt":"2025-06-01T01:41:14","guid":{"rendered":"https:\/\/lucacastelli.com\/prodotto\/debroussailleuse-stihl-avec-batterie\/"},"modified":"2026-03-02T09:45:33","modified_gmt":"2026-03-02T08:45:33","slug":"debroussailleuse-stihl-avec-batterie","status":"publish","type":"product","link":"https:\/\/lucacastelli.com\/fr\/produit\/debroussailleuse-stihl-avec-batterie\/","title":{"rendered":"D\u00e9broussailleuse STIHL, avec batterie"},"content":{"rendered":"<p>Le coupe-bordures jouet en plastique est id\u00e9al pour tous les enfants qui aiment \u00eatre en plein air. Le coupe-bordures \u00e0 batterie est r\u00e9glable en hauteur et la poign\u00e9e peut \u00e9galement \u00eatre ajust\u00e9e individuellement. La lame factice s\u2019illumine en couleur lors de l\u2019utilisation. Ainsi, le coupe-bordures offre de nombreuses ann\u00e9es de plaisir. C\u00e2ble de charge inclus.<br \/>\n886661508624    <\/p>\n<p>Groupe cible Enfant<br \/>\nCouleur Couleur<\/p>\n<p>Couleur suppl\u00e9mentaire Couleur suppl\u00e9mentaire<br \/>\nCouleur suppl\u00e9mentaire Noir<\/p>\n","protected":false},"excerpt":{"rendered":"<p>Coupe-jouet, avec batterie<\/p>\n","protected":false},"featured_media":427827,"template":"","meta":{"_seopress_robots_primary_cat":"none","_seopress_titles_title":"","_seopress_titles_desc":"","_seopress_robots_index":""},"product_brand":[3366],"product_cat":[1103],"product_tag":[3265,6422],"class_list":{"0":"post-534382","1":"product","2":"type-product","3":"status-publish","4":"has-post-thumbnail","6":"product_brand-stihl","7":"product_cat-shops","8":"product_tag-import-stihl","9":"product_tag-giocattoli","10":"sws-gruppo-macchinari-fr","11":"sws-conto-ricavi-merci-rivendita-abbigliamento-fr","12":"sws-gruppo-iva-iva81-fr","14":"first","15":"onbackorder","16":"featured","17":"purchasable","18":"product-type-simple"},"_links":{"self":[{"href":"https:\/\/lucacastelli.com\/fr\/wp-json\/wp\/v2\/product\/534382","targetHints":{"allow":["GET"]}}],"collection":[{"href":"https:\/\/lucacastelli.com\/fr\/wp-json\/wp\/v2\/product"}],"about":[{"href":"https:\/\/lucacastelli.com\/fr\/wp-json\/wp\/v2\/types\/product"}],"wp:featuredmedia":[{"embeddable":true,"href":"https:\/\/lucacastelli.com\/fr\/wp-json\/wp\/v2\/media\/427827"}],"wp:attachment":[{"href":"https:\/\/lucacastelli.com\/fr\/wp-json\/wp\/v2\/media?parent=534382"}],"wp:term":[{"taxonomy":"product_brand","embeddable":true,"href":"https:\/\/lucacastelli.com\/fr\/wp-json\/wp\/v2\/product_brand?post=534382"},{"taxonomy":"product_cat","embeddable":true,"href":"https:\/\/lucacastelli.com\/fr\/wp-json\/wp\/v2\/product_cat?post=534382"},{"taxonomy":"product_tag","embeddable":true,"href":"https:\/\/lucacastelli.com\/fr\/wp-json\/wp\/v2\/product_tag?post=534382"}],"curies":[{"name":"wp","href":"https:\/\/api.w.org\/{rel}","templated":true}]}}