{"id":534375,"date":"2025-06-01T00:43:25","date_gmt":"2025-05-31T22:43:25","guid":{"rendered":"https:\/\/lucacastelli.com\/prodotto\/stihl-br-500\/"},"modified":"2025-06-01T00:43:25","modified_gmt":"2025-05-31T22:43:25","slug":"stihl-br-500","status":"publish","type":"product","link":"https:\/\/lucacastelli.com\/fr\/produit\/stihl-br-500\/","title":{"rendered":"STIHL BR 500"},"content":{"rendered":"<p>Souffleur professionnel dorsal puissant et silencieux. Id\u00e9al pour une utilisation dans les zones soumises \u00e0 des limites de bruit. \u00c9quip\u00e9 d&#8217;un syst\u00e8me anti-vibrations et d&#8217;une bandouli\u00e8re ergonomique pour un confort maximal. Conforme aux r\u00e9glementations les plus strictes au monde en mati\u00e8re de bruit. Avec le moteur 4 temps STIHL 4-MIX\u00ae innovant qui r\u00e9duit les gaz d&#8217;\u00e9chappement nocifs, a un couple \u00e9lev\u00e9 et un son plus agr\u00e9able.<br \/>\n886661950355    <\/p>\n<p>Cylindr\u00e9e 64,8<br \/>\nCO2<\/p>\n<p>Poids de l&#8217;appareil<br \/>\nVitesse d&#8217;air maximale avec buse ronde 93,0<br \/>\nVitesse d&#8217;air maximale avec buse ronde 208,0<\/p>\n","protected":false},"excerpt":{"rendered":"<p>BR 500<\/p>\n","protected":false},"featured_media":430681,"template":"","meta":{"_seopress_robots_primary_cat":"","_seopress_titles_title":"","_seopress_titles_desc":"","_seopress_robots_index":""},"product_brand":[3366],"product_cat":[21],"product_tag":[3265],"class_list":{"0":"post-534375","1":"product","2":"type-product","3":"status-publish","4":"has-post-thumbnail","6":"product_brand-stihl","7":"product_cat-abbigliamento","8":"product_tag-import-stihl","9":"sws-gruppo-macchinari-fr","10":"sws-conto-ricavi-merci-rivendita-macchinari-fr","11":"sws-gruppo-iva-iva81-fr","13":"first","14":"onbackorder","15":"purchasable","16":"product-type-simple"},"_links":{"self":[{"href":"https:\/\/lucacastelli.com\/fr\/wp-json\/wp\/v2\/product\/534375","targetHints":{"allow":["GET"]}}],"collection":[{"href":"https:\/\/lucacastelli.com\/fr\/wp-json\/wp\/v2\/product"}],"about":[{"href":"https:\/\/lucacastelli.com\/fr\/wp-json\/wp\/v2\/types\/product"}],"wp:featuredmedia":[{"embeddable":true,"href":"https:\/\/lucacastelli.com\/fr\/wp-json\/wp\/v2\/media\/430681"}],"wp:attachment":[{"href":"https:\/\/lucacastelli.com\/fr\/wp-json\/wp\/v2\/media?parent=534375"}],"wp:term":[{"taxonomy":"product_brand","embeddable":true,"href":"https:\/\/lucacastelli.com\/fr\/wp-json\/wp\/v2\/product_brand?post=534375"},{"taxonomy":"product_cat","embeddable":true,"href":"https:\/\/lucacastelli.com\/fr\/wp-json\/wp\/v2\/product_cat?post=534375"},{"taxonomy":"product_tag","embeddable":true,"href":"https:\/\/lucacastelli.com\/fr\/wp-json\/wp\/v2\/product_tag?post=534375"}],"curies":[{"name":"wp","href":"https:\/\/api.w.org\/{rel}","templated":true}]}}