{"id":534373,"date":"2025-06-01T02:39:19","date_gmt":"2025-06-01T00:39:19","guid":{"rendered":"https:\/\/lucacastelli.com\/prodotto\/lunettes-de-protection-contre-les-ultrasons-stihl-incolores\/"},"modified":"2025-06-01T02:39:19","modified_gmt":"2025-06-01T00:39:19","slug":"lunettes-de-protection-contre-les-ultrasons-stihl-incolores","status":"publish","type":"product","link":"https:\/\/lucacastelli.com\/fr\/produit\/lunettes-de-protection-contre-les-ultrasons-stihl-incolores\/","title":{"rendered":"Lunettes de protection contre les ultrasons STIHL, incolores"},"content":{"rendered":"<p>Lunettes \u00e0 vision compl\u00e8te disponibles en deux versions : Transparent et Color\u00e9. Visi\u00e8re rempla\u00e7able, \u00e9crans lat\u00e9raux avec ventilation, protection UV \u00e0 100 %. Convient \u00e9galement aux porteurs de lunettes. Convient \u00e0 tous les types de travaux, en particulier \u00e0 l&#8217;utilisation de tron\u00e7onneuses d&#8217;urgence et de scies \u00e0 d\u00e9couper. Conforme \u00e0 la norme EN 166. Poids 81,3 g.<br \/>\n886661919253     <\/p>\n","protected":false},"excerpt":{"rendered":"<p>Lunettes de protection contre les ultrasons, incolores<\/p>\n","protected":false},"featured_media":425268,"template":"","meta":{"_seopress_robots_primary_cat":"","_seopress_titles_title":"","_seopress_titles_desc":"","_seopress_robots_index":""},"product_brand":[3366],"product_cat":[33,537,815,816],"product_tag":[3265],"class_list":{"0":"post-534373","1":"product","2":"type-product","3":"status-publish","4":"has-post-thumbnail","6":"product_brand-stihl","7":"product_cat-attrezzature","8":"product_cat-attrezzatura-da-lavoro","9":"product_cat-caschi","10":"product_cat-visiere-e-occhiali-protettivi","11":"product_tag-import-stihl","12":"sws-gruppo-abb-libero-fr","13":"sws-conto-ricavi-merci-rivendita-abbigliamento-fr","14":"sws-gruppo-iva-iva81-fr","16":"first","17":"onbackorder","18":"purchasable","19":"product-type-simple"},"_links":{"self":[{"href":"https:\/\/lucacastelli.com\/fr\/wp-json\/wp\/v2\/product\/534373","targetHints":{"allow":["GET"]}}],"collection":[{"href":"https:\/\/lucacastelli.com\/fr\/wp-json\/wp\/v2\/product"}],"about":[{"href":"https:\/\/lucacastelli.com\/fr\/wp-json\/wp\/v2\/types\/product"}],"wp:featuredmedia":[{"embeddable":true,"href":"https:\/\/lucacastelli.com\/fr\/wp-json\/wp\/v2\/media\/425268"}],"wp:attachment":[{"href":"https:\/\/lucacastelli.com\/fr\/wp-json\/wp\/v2\/media?parent=534373"}],"wp:term":[{"taxonomy":"product_brand","embeddable":true,"href":"https:\/\/lucacastelli.com\/fr\/wp-json\/wp\/v2\/product_brand?post=534373"},{"taxonomy":"product_cat","embeddable":true,"href":"https:\/\/lucacastelli.com\/fr\/wp-json\/wp\/v2\/product_cat?post=534373"},{"taxonomy":"product_tag","embeddable":true,"href":"https:\/\/lucacastelli.com\/fr\/wp-json\/wp\/v2\/product_tag?post=534373"}],"curies":[{"name":"wp","href":"https:\/\/api.w.org\/{rel}","templated":true}]}}