{"id":534367,"date":"2025-06-01T03:40:33","date_gmt":"2025-06-01T01:40:33","guid":{"rendered":"https:\/\/lucacastelli.com\/prodotto\/stihl-casquette-de-baseball-logo-circle-noir\/"},"modified":"2025-06-01T03:40:33","modified_gmt":"2025-06-01T01:40:33","slug":"stihl-casquette-de-baseball-logo-circle-noir","status":"publish","type":"product","link":"https:\/\/lucacastelli.com\/fr\/produit\/stihl-casquette-de-baseball-logo-circle-noir\/","title":{"rendered":"STIHL Casquette de baseball LOGO CIRCLE noir"},"content":{"rendered":"<p>Casquette de baseball noire avec le logo orange &#8220;LEGENDARY PERFORMANCE&#8221;. S&#8217;adapte \u00e0 toutes les morphologies gr\u00e2ce au clip m\u00e9tallique \u00e0 l&#8217;arri\u00e8re.<br \/>\n886661352494 <\/p>\n<p>Groupe cible Unisexe<br \/>\nCouleur<\/p>\n","protected":false},"excerpt":{"rendered":"<p>Casquette de baseball LOGO CIRCLE noir<\/p>\n","protected":false},"featured_media":427767,"template":"","meta":{"_seopress_robots_primary_cat":"","_seopress_titles_title":"","_seopress_titles_desc":"","_seopress_robots_index":""},"product_brand":[3366],"product_cat":[186,1103],"product_tag":[3265],"class_list":{"0":"post-534367","1":"product","2":"type-product","3":"status-publish","4":"has-post-thumbnail","6":"product_brand-stihl","7":"product_cat-accessori-per-labbigliamento","8":"product_cat-shops","9":"product_tag-import-stihl","10":"sws-gruppo-abb-libero-fr","11":"sws-conto-ricavi-merci-rivendita-abbigliamento-fr","12":"sws-gruppo-iva-iva81-fr","14":"first","15":"onbackorder","16":"purchasable","17":"product-type-simple"},"_links":{"self":[{"href":"https:\/\/lucacastelli.com\/fr\/wp-json\/wp\/v2\/product\/534367","targetHints":{"allow":["GET"]}}],"collection":[{"href":"https:\/\/lucacastelli.com\/fr\/wp-json\/wp\/v2\/product"}],"about":[{"href":"https:\/\/lucacastelli.com\/fr\/wp-json\/wp\/v2\/types\/product"}],"wp:featuredmedia":[{"embeddable":true,"href":"https:\/\/lucacastelli.com\/fr\/wp-json\/wp\/v2\/media\/427767"}],"wp:attachment":[{"href":"https:\/\/lucacastelli.com\/fr\/wp-json\/wp\/v2\/media?parent=534367"}],"wp:term":[{"taxonomy":"product_brand","embeddable":true,"href":"https:\/\/lucacastelli.com\/fr\/wp-json\/wp\/v2\/product_brand?post=534367"},{"taxonomy":"product_cat","embeddable":true,"href":"https:\/\/lucacastelli.com\/fr\/wp-json\/wp\/v2\/product_cat?post=534367"},{"taxonomy":"product_tag","embeddable":true,"href":"https:\/\/lucacastelli.com\/fr\/wp-json\/wp\/v2\/product_tag?post=534367"}],"curies":[{"name":"wp","href":"https:\/\/api.w.org\/{rel}","templated":true}]}}