{"id":534365,"date":"2025-06-01T03:40:35","date_gmt":"2025-06-01T01:40:35","guid":{"rendered":"https:\/\/lucacastelli.com\/prodotto\/moule-de-cuisson-pour-tronconneuses-stihl\/"},"modified":"2025-06-01T03:40:35","modified_gmt":"2025-06-01T01:40:35","slug":"moule-de-cuisson-pour-tronconneuses-stihl","status":"publish","type":"product","link":"https:\/\/lucacastelli.com\/fr\/produit\/moule-de-cuisson-pour-tronconneuses-stihl\/","title":{"rendered":"Moule de cuisson pour Tron\u00e7onneuses STIHL"},"content":{"rendered":"<p>Pour inciter les hommes \u00e0 cuisiner. Moule en acier au carbinium r\u00e9sistant \u00e0 la chaleur et sans danger pour les aliments, pour cuire des Tron\u00e7onneuses en un rien de temps. Le rev\u00eatement int\u00e9rieur emp\u00eache le mat\u00e9riau de br\u00fbler. Temp\u00e9rature maximale : 220\u00b0C.<br \/>\n886661779703   <\/p>\n<p>Couleur Noir<\/p>\n","protected":false},"excerpt":{"rendered":"<p>Moule de cuisson pour Tron\u00e7onneuses<\/p>\n","protected":false},"featured_media":439819,"template":"","meta":{"_seopress_robots_primary_cat":"","_seopress_titles_title":"","_seopress_titles_desc":"","_seopress_robots_index":""},"product_brand":[3366],"product_cat":[1103],"product_tag":[3265],"class_list":{"0":"post-534365","1":"product","2":"type-product","3":"status-publish","4":"has-post-thumbnail","6":"product_brand-stihl","7":"product_cat-shops","8":"product_tag-import-stihl","9":"sws-gruppo-macchinari-fr","10":"sws-conto-ricavi-merci-rivendita-macchinari-fr","11":"sws-gruppo-iva-iva81-fr","13":"first","14":"onbackorder","15":"purchasable","16":"product-type-simple"},"_links":{"self":[{"href":"https:\/\/lucacastelli.com\/fr\/wp-json\/wp\/v2\/product\/534365","targetHints":{"allow":["GET"]}}],"collection":[{"href":"https:\/\/lucacastelli.com\/fr\/wp-json\/wp\/v2\/product"}],"about":[{"href":"https:\/\/lucacastelli.com\/fr\/wp-json\/wp\/v2\/types\/product"}],"wp:featuredmedia":[{"embeddable":true,"href":"https:\/\/lucacastelli.com\/fr\/wp-json\/wp\/v2\/media\/439819"}],"wp:attachment":[{"href":"https:\/\/lucacastelli.com\/fr\/wp-json\/wp\/v2\/media?parent=534365"}],"wp:term":[{"taxonomy":"product_brand","embeddable":true,"href":"https:\/\/lucacastelli.com\/fr\/wp-json\/wp\/v2\/product_brand?post=534365"},{"taxonomy":"product_cat","embeddable":true,"href":"https:\/\/lucacastelli.com\/fr\/wp-json\/wp\/v2\/product_cat?post=534365"},{"taxonomy":"product_tag","embeddable":true,"href":"https:\/\/lucacastelli.com\/fr\/wp-json\/wp\/v2\/product_tag?post=534365"}],"curies":[{"name":"wp","href":"https:\/\/api.w.org\/{rel}","templated":true}]}}