{"id":534363,"date":"2025-06-01T03:40:54","date_gmt":"2025-06-01T01:40:54","guid":{"rendered":"https:\/\/lucacastelli.com\/prodotto\/stihl-modele-ms-500i\/"},"modified":"2025-11-17T23:00:54","modified_gmt":"2025-11-17T22:00:54","slug":"stihl-modele-ms-500i","status":"publish","type":"product","link":"https:\/\/lucacastelli.com\/fr\/produit\/stihl-modele-ms-500i\/","title":{"rendered":"STIHL Mod\u00e8le MS 500i"},"content":{"rendered":"<p>Une v\u00e9ritable pi\u00e8ce de collection de la maison Schuco ! Le mod\u00e8le de l&#8217;innovant MS 500i \u00e0 l&#8217;\u00e9chelle 1:100, en zinc<br \/>\nmoul\u00e9 sous pression et en pi\u00e8ces synth\u00e9tiques, amoureusement peint<br \/>\ndans les couleurs d&#8217;origine, est un must dans toute vitrine.<br \/>\n886661861477 <\/p>\n","protected":false},"excerpt":{"rendered":"<p>Mod\u00e8le MS 500i<\/p>\n","protected":false},"featured_media":427800,"template":"","meta":{"_seopress_robots_primary_cat":"","_seopress_titles_title":"","_seopress_titles_desc":"","_seopress_robots_index":""},"product_brand":[3366],"product_cat":[1103],"product_tag":[3265],"class_list":{"0":"post-534363","1":"product","2":"type-product","3":"status-publish","4":"has-post-thumbnail","6":"product_brand-stihl","7":"product_cat-shops","8":"product_tag-import-stihl","9":"sws-gruppo-abb-libero-fr","10":"sws-conto-ricavi-merci-rivendita-abbigliamento-fr","11":"sws-gruppo-iva-iva81-fr","13":"first","14":"onbackorder","15":"purchasable","16":"product-type-simple"},"_links":{"self":[{"href":"https:\/\/lucacastelli.com\/fr\/wp-json\/wp\/v2\/product\/534363","targetHints":{"allow":["GET"]}}],"collection":[{"href":"https:\/\/lucacastelli.com\/fr\/wp-json\/wp\/v2\/product"}],"about":[{"href":"https:\/\/lucacastelli.com\/fr\/wp-json\/wp\/v2\/types\/product"}],"wp:featuredmedia":[{"embeddable":true,"href":"https:\/\/lucacastelli.com\/fr\/wp-json\/wp\/v2\/media\/427800"}],"wp:attachment":[{"href":"https:\/\/lucacastelli.com\/fr\/wp-json\/wp\/v2\/media?parent=534363"}],"wp:term":[{"taxonomy":"product_brand","embeddable":true,"href":"https:\/\/lucacastelli.com\/fr\/wp-json\/wp\/v2\/product_brand?post=534363"},{"taxonomy":"product_cat","embeddable":true,"href":"https:\/\/lucacastelli.com\/fr\/wp-json\/wp\/v2\/product_cat?post=534363"},{"taxonomy":"product_tag","embeddable":true,"href":"https:\/\/lucacastelli.com\/fr\/wp-json\/wp\/v2\/product_tag?post=534363"}],"curies":[{"name":"wp","href":"https:\/\/api.w.org\/{rel}","templated":true}]}}