{"id":534355,"date":"2025-06-01T03:40:34","date_gmt":"2025-06-01T01:40:34","guid":{"rendered":"https:\/\/lucacastelli.com\/prodotto\/casquette-stihl-logo-noire\/"},"modified":"2025-06-01T03:40:34","modified_gmt":"2025-06-01T01:40:34","slug":"casquette-stihl-logo-noire","status":"publish","type":"product","link":"https:\/\/lucacastelli.com\/fr\/produit\/casquette-stihl-logo-noire\/","title":{"rendered":"Casquette STIHL LOGO noire"},"content":{"rendered":"<p>Casquette noire \u00e0 visi\u00e8re g\u00e9om\u00e9trique, avec des d\u00e9tails stylistiques orang\u00e9s comme la marque STIHL sur le devant, une petite gamme d&#8217;ann\u00e9es sur le dos ainsi que la zone &#8220;LEGENDARY PERFORMANCE&#8221; sur le c\u00f4t\u00e9.<br \/>\n886661523702<\/p>\n<p>Groupe cible Unisexe<br \/>\nCouleur<\/p>\n","protected":false},"excerpt":{"rendered":"<p>LOGO casquette noire<\/p>\n","protected":false},"featured_media":427779,"template":"","meta":{"_seopress_robots_primary_cat":"","_seopress_titles_title":"","_seopress_titles_desc":"","_seopress_robots_index":""},"product_brand":[3366],"product_cat":[1103],"product_tag":[3265],"class_list":{"0":"post-534355","1":"product","2":"type-product","3":"status-publish","4":"has-post-thumbnail","6":"product_brand-stihl","7":"product_cat-shops","8":"product_tag-import-stihl","9":"sws-gruppo-abb-libero-fr","10":"sws-conto-ricavi-merci-rivendita-abbigliamento-fr","11":"sws-gruppo-iva-iva81-fr","13":"first","14":"onbackorder","15":"purchasable","16":"product-type-simple"},"_links":{"self":[{"href":"https:\/\/lucacastelli.com\/fr\/wp-json\/wp\/v2\/product\/534355","targetHints":{"allow":["GET"]}}],"collection":[{"href":"https:\/\/lucacastelli.com\/fr\/wp-json\/wp\/v2\/product"}],"about":[{"href":"https:\/\/lucacastelli.com\/fr\/wp-json\/wp\/v2\/types\/product"}],"wp:featuredmedia":[{"embeddable":true,"href":"https:\/\/lucacastelli.com\/fr\/wp-json\/wp\/v2\/media\/427779"}],"wp:attachment":[{"href":"https:\/\/lucacastelli.com\/fr\/wp-json\/wp\/v2\/media?parent=534355"}],"wp:term":[{"taxonomy":"product_brand","embeddable":true,"href":"https:\/\/lucacastelli.com\/fr\/wp-json\/wp\/v2\/product_brand?post=534355"},{"taxonomy":"product_cat","embeddable":true,"href":"https:\/\/lucacastelli.com\/fr\/wp-json\/wp\/v2\/product_cat?post=534355"},{"taxonomy":"product_tag","embeddable":true,"href":"https:\/\/lucacastelli.com\/fr\/wp-json\/wp\/v2\/product_tag?post=534355"}],"curies":[{"name":"wp","href":"https:\/\/api.w.org\/{rel}","templated":true}]}}