{"id":534353,"date":"2025-06-01T03:41:13","date_gmt":"2025-06-01T01:41:13","guid":{"rendered":"https:\/\/lucacastelli.com\/prodotto\/casque-jouet-stihl\/"},"modified":"2026-03-02T09:44:31","modified_gmt":"2026-03-02T08:44:31","slug":"casque-jouet-stihl","status":"publish","type":"product","link":"https:\/\/lucacastelli.com\/fr\/produit\/casque-jouet-stihl\/","title":{"rendered":"Casque-jouet STIHL"},"content":{"rendered":"<p>Reproduction fid\u00e8le \u00e0 l&#8217;original du casque professionnel, visi\u00e8re rabattable, dimensions r\u00e9glables, prot\u00e8ge-oreilles repliables, id\u00e9al pour enfants \u00e0 partir de 3 ans.<br \/>\n886661869428<\/p>\n<p>Groupe cible Enfant<br \/>\nCouleur Couleur<\/p>\n<p>Couleur suppl\u00e9mentaire Couleur suppl\u00e9mentaire<\/p>\n","protected":false},"excerpt":{"rendered":"<p>Casque-jouet<\/p>\n","protected":false},"featured_media":427815,"template":"","meta":{"_seopress_robots_primary_cat":"none","_seopress_titles_title":"","_seopress_titles_desc":"","_seopress_robots_index":""},"product_brand":[3366],"product_cat":[1103],"product_tag":[3265,6422],"class_list":{"0":"post-534353","1":"product","2":"type-product","3":"status-publish","4":"has-post-thumbnail","6":"product_brand-stihl","7":"product_cat-shops","8":"product_tag-import-stihl","9":"product_tag-giocattoli","10":"sws-gruppo-abb-libero-fr","11":"sws-conto-ricavi-merci-rivendita-abbigliamento-fr","12":"sws-gruppo-iva-iva81-fr","14":"first","15":"onbackorder","16":"purchasable","17":"product-type-simple"},"_links":{"self":[{"href":"https:\/\/lucacastelli.com\/fr\/wp-json\/wp\/v2\/product\/534353","targetHints":{"allow":["GET"]}}],"collection":[{"href":"https:\/\/lucacastelli.com\/fr\/wp-json\/wp\/v2\/product"}],"about":[{"href":"https:\/\/lucacastelli.com\/fr\/wp-json\/wp\/v2\/types\/product"}],"wp:featuredmedia":[{"embeddable":true,"href":"https:\/\/lucacastelli.com\/fr\/wp-json\/wp\/v2\/media\/427815"}],"wp:attachment":[{"href":"https:\/\/lucacastelli.com\/fr\/wp-json\/wp\/v2\/media?parent=534353"}],"wp:term":[{"taxonomy":"product_brand","embeddable":true,"href":"https:\/\/lucacastelli.com\/fr\/wp-json\/wp\/v2\/product_brand?post=534353"},{"taxonomy":"product_cat","embeddable":true,"href":"https:\/\/lucacastelli.com\/fr\/wp-json\/wp\/v2\/product_cat?post=534353"},{"taxonomy":"product_tag","embeddable":true,"href":"https:\/\/lucacastelli.com\/fr\/wp-json\/wp\/v2\/product_tag?post=534353"}],"curies":[{"name":"wp","href":"https:\/\/api.w.org\/{rel}","templated":true}]}}