{"id":534352,"date":"2025-06-01T03:40:56","date_gmt":"2025-06-01T01:40:56","guid":{"rendered":"https:\/\/lucacastelli.com\/prodotto\/stihl-schlusselanhanger-motosage\/"},"modified":"2026-03-07T22:36:15","modified_gmt":"2026-03-07T21:36:15","slug":"stihl-schlusselanhanger-motosage","status":"publish","type":"product","link":"https:\/\/lucacastelli.com\/fr\/produit\/stihl-schlusselanhanger-motosage\/","title":{"rendered":"STIHL Schl\u00fcsselanh\u00e4nger MOTOS\u00c4GE"},"content":{"rendered":"<p>Emportez tout, mais pas ma Tron\u00e7onneuses ! Votre outil pr\u00e9f\u00e9r\u00e9 sera toujours avec vous, gr\u00e2ce \u00e0 ce porte-cl\u00e9s \u00e0 la forme caract\u00e9ristique et aux effets sonores r\u00e9alistes. La cha\u00eene et le porte-cl\u00e9s STIHL sont en acier nickel\u00e9. Le produit comprend des piles bouton (interchangeables).<br \/>\n886661937042   <\/p>\n<p>Couleur Orange<br \/>\nCouleur suppl\u00e9mentaire Couleur suppl\u00e9mentaire<\/p>\n<p>Couleur suppl\u00e9mentaire Couleur suppl\u00e9mentaire<\/p>\n","protected":false},"excerpt":{"rendered":"<p>Schl\u00fcsselanh\u00e4nger MOTOS\u00c4GE<\/p>\n","protected":false},"featured_media":439828,"template":"","meta":{"_seopress_robots_primary_cat":"","_seopress_titles_title":"","_seopress_titles_desc":"","_seopress_robots_index":""},"product_brand":[3366],"product_cat":[1103],"product_tag":[3265],"class_list":{"0":"post-534352","1":"product","2":"type-product","3":"status-publish","4":"has-post-thumbnail","6":"product_brand-stihl","7":"product_cat-shops","8":"product_tag-import-stihl","9":"sws-gruppo-macchinari-fr","10":"sws-conto-ricavi-merci-rivendita-macchinari-fr","11":"sws-gruppo-iva-iva81-fr","13":"first","14":"onbackorder","15":"purchasable","16":"product-type-simple"},"_links":{"self":[{"href":"https:\/\/lucacastelli.com\/fr\/wp-json\/wp\/v2\/product\/534352","targetHints":{"allow":["GET"]}}],"collection":[{"href":"https:\/\/lucacastelli.com\/fr\/wp-json\/wp\/v2\/product"}],"about":[{"href":"https:\/\/lucacastelli.com\/fr\/wp-json\/wp\/v2\/types\/product"}],"wp:featuredmedia":[{"embeddable":true,"href":"https:\/\/lucacastelli.com\/fr\/wp-json\/wp\/v2\/media\/439828"}],"wp:attachment":[{"href":"https:\/\/lucacastelli.com\/fr\/wp-json\/wp\/v2\/media?parent=534352"}],"wp:term":[{"taxonomy":"product_brand","embeddable":true,"href":"https:\/\/lucacastelli.com\/fr\/wp-json\/wp\/v2\/product_brand?post=534352"},{"taxonomy":"product_cat","embeddable":true,"href":"https:\/\/lucacastelli.com\/fr\/wp-json\/wp\/v2\/product_cat?post=534352"},{"taxonomy":"product_tag","embeddable":true,"href":"https:\/\/lucacastelli.com\/fr\/wp-json\/wp\/v2\/product_tag?post=534352"}],"curies":[{"name":"wp","href":"https:\/\/api.w.org\/{rel}","templated":true}]}}