{"id":534349,"date":"2025-06-01T03:40:22","date_gmt":"2025-06-01T01:40:22","guid":{"rendered":"https:\/\/lucacastelli.com\/prodotto\/rideau-de-douche-stihl\/"},"modified":"2025-06-01T03:40:22","modified_gmt":"2025-06-01T01:40:22","slug":"rideau-de-douche-stihl","status":"publish","type":"product","link":"https:\/\/lucacastelli.com\/fr\/produit\/rideau-de-douche-stihl\/","title":{"rendered":"Rideau de douche STIHL"},"content":{"rendered":"<p>Gris et gris fonc\u00e9, 100 % coton, 70 cm x 140 cm, serviette \u00e9ponge avec piq\u00fbres en relief, lacet &#8216;STIHL TIMBERSPORTS\u00ae&#8217;.<br \/>\n886661937554<\/p>\n<p>Couleur Gris<br \/>\nCouleur additionnelle Couleur additionnelle<\/p>\n","protected":false},"excerpt":{"rendered":"<p>Serviette de douche<\/p>\n","protected":false},"featured_media":439806,"template":"","meta":{"_seopress_robots_primary_cat":"","_seopress_titles_title":"","_seopress_titles_desc":"","_seopress_robots_index":""},"product_brand":[3366],"product_cat":[1103],"product_tag":[3265],"class_list":{"0":"post-534349","1":"product","2":"type-product","3":"status-publish","4":"has-post-thumbnail","6":"product_brand-stihl","7":"product_cat-shops","8":"product_tag-import-stihl","9":"sws-gruppo-macchinari-fr","10":"sws-conto-ricavi-merci-rivendita-macchinari-fr","11":"sws-gruppo-iva-iva81-fr","13":"first","14":"onbackorder","15":"purchasable","16":"product-type-simple"},"_links":{"self":[{"href":"https:\/\/lucacastelli.com\/fr\/wp-json\/wp\/v2\/product\/534349","targetHints":{"allow":["GET"]}}],"collection":[{"href":"https:\/\/lucacastelli.com\/fr\/wp-json\/wp\/v2\/product"}],"about":[{"href":"https:\/\/lucacastelli.com\/fr\/wp-json\/wp\/v2\/types\/product"}],"wp:featuredmedia":[{"embeddable":true,"href":"https:\/\/lucacastelli.com\/fr\/wp-json\/wp\/v2\/media\/439806"}],"wp:attachment":[{"href":"https:\/\/lucacastelli.com\/fr\/wp-json\/wp\/v2\/media?parent=534349"}],"wp:term":[{"taxonomy":"product_brand","embeddable":true,"href":"https:\/\/lucacastelli.com\/fr\/wp-json\/wp\/v2\/product_brand?post=534349"},{"taxonomy":"product_cat","embeddable":true,"href":"https:\/\/lucacastelli.com\/fr\/wp-json\/wp\/v2\/product_cat?post=534349"},{"taxonomy":"product_tag","embeddable":true,"href":"https:\/\/lucacastelli.com\/fr\/wp-json\/wp\/v2\/product_tag?post=534349"}],"curies":[{"name":"wp","href":"https:\/\/api.w.org\/{rel}","templated":true}]}}