{"id":534341,"date":"2025-06-01T02:44:18","date_gmt":"2025-06-01T00:44:18","guid":{"rendered":"https:\/\/lucacastelli.com\/prodotto\/capsules-de-protection-auditive-advance-procom-de-stihl\/"},"modified":"2025-06-01T02:44:18","modified_gmt":"2025-06-01T00:44:18","slug":"capsules-de-protection-auditive-advance-procom-de-stihl","status":"publish","type":"product","link":"https:\/\/lucacastelli.com\/fr\/produit\/capsules-de-protection-auditive-advance-procom-de-stihl\/","title":{"rendered":"Capsules de protection auditive ADVANCE ProCOM de STIHL"},"content":{"rendered":"<p>pAvec le syst\u00e8me de casque innovant STIHL ADVANCE ProCOM, vous pouvez communiquer confortablement et efficacement pendant votre travail, m\u00eame dans des environnements bruyants, sans devoir utiliser un appareil suppl\u00e9mentaire. La protection auditive intelligente permet des connexions directes avec jusqu&#8217;\u00e0 16 casques et une port\u00e9e allant jusqu&#8217;\u00e0 600 m. En particulier lors de travaux exigeants, la bonne qualit\u00e9 vocale de l&#8217;ADVANCE ProCOM encourage et assure une communication claire et agr\u00e9able. Les professionnels de la sylviculture et de l&#8217;arboriculture ainsi que les jardiniers et les paysagistes, les ouvriers du b\u00e2timent et les propri\u00e9taires de for\u00eats priv\u00e9es ambitieux appr\u00e9cient la facilit\u00e9 d&#8217;utilisation et la possibilit\u00e9 d&#8217;\u00e9couter et de parler en m\u00eame temps.\/p<br \/>\n886661575367<\/p>\n","protected":false},"excerpt":{"rendered":"<p>Capsules de protection auditive ADVANCE ProCOM<\/p>\n","protected":false},"featured_media":438048,"template":"","meta":{"_seopress_robots_primary_cat":"","_seopress_titles_title":"","_seopress_titles_desc":"","_seopress_robots_index":""},"product_brand":[3366],"product_cat":[33,537,815],"product_tag":[3265],"class_list":{"0":"post-534341","1":"product","2":"type-product","3":"status-publish","4":"has-post-thumbnail","6":"product_brand-stihl","7":"product_cat-attrezzature","8":"product_cat-attrezzatura-da-lavoro","9":"product_cat-caschi","10":"product_tag-import-stihl","11":"sws-gruppo-macchinari-fr","12":"sws-conto-ricavi-merci-rivendita-macchinari-fr","13":"sws-gruppo-iva-iva81-fr","15":"first","16":"onbackorder","17":"sale","18":"purchasable","19":"product-type-simple"},"_links":{"self":[{"href":"https:\/\/lucacastelli.com\/fr\/wp-json\/wp\/v2\/product\/534341","targetHints":{"allow":["GET"]}}],"collection":[{"href":"https:\/\/lucacastelli.com\/fr\/wp-json\/wp\/v2\/product"}],"about":[{"href":"https:\/\/lucacastelli.com\/fr\/wp-json\/wp\/v2\/types\/product"}],"wp:featuredmedia":[{"embeddable":true,"href":"https:\/\/lucacastelli.com\/fr\/wp-json\/wp\/v2\/media\/438048"}],"wp:attachment":[{"href":"https:\/\/lucacastelli.com\/fr\/wp-json\/wp\/v2\/media?parent=534341"}],"wp:term":[{"taxonomy":"product_brand","embeddable":true,"href":"https:\/\/lucacastelli.com\/fr\/wp-json\/wp\/v2\/product_brand?post=534341"},{"taxonomy":"product_cat","embeddable":true,"href":"https:\/\/lucacastelli.com\/fr\/wp-json\/wp\/v2\/product_cat?post=534341"},{"taxonomy":"product_tag","embeddable":true,"href":"https:\/\/lucacastelli.com\/fr\/wp-json\/wp\/v2\/product_tag?post=534341"}],"curies":[{"name":"wp","href":"https:\/\/api.w.org\/{rel}","templated":true}]}}