{"id":534316,"date":"2025-08-01T12:51:23","date_gmt":"2025-08-01T10:51:23","guid":{"rendered":"https:\/\/lucacastelli.com\/prodotto\/stihl-cintura-con-fondina-2\/"},"modified":"2025-08-01T12:51:28","modified_gmt":"2025-08-01T10:51:28","slug":"stihl-cintura-con-fondina-2","status":"publish","type":"product","link":"https:\/\/lucacastelli.com\/fr\/produit\/stihl-cintura-con-fondina-2\/","title":{"rendered":"STIHL Cintura con fondina"},"content":{"rendered":"<p>Facilite le transport du pulv\u00e9risateur \u00e0 batterie SGA 85 rempli. Pendant les interruptions de travail, la lance SGA 85 peut \u00eatre fix\u00e9e dans l&#8217;\u00e9tui de ceinture.<\/p>\n","protected":false},"excerpt":{"rendered":"<p>Facilite le transport du pulv\u00e9risateur \u00e0 batterie SGA 85 rempli. Pendant les interruptions de travail, la lance SGA 85 peut<\/p>\n","protected":false},"featured_media":534297,"template":"","meta":{"_seopress_robots_primary_cat":"","_seopress_titles_title":"","_seopress_titles_desc":"","_seopress_robots_index":""},"product_brand":[3555],"product_cat":[1456,167,1638,1626,1606],"product_tag":[],"class_list":{"0":"post-534316","1":"product","2":"type-product","3":"status-publish","4":"has-post-thumbnail","6":"product_brand-stihl-fr","7":"product_cat-accessoires-et-consommables-fr","8":"product_cat-machines","9":"product_cat-systemes-kombi-et-multi","10":"product_cat-taille-haies-et-elagueurs-a-batterie","11":"product_cat-tronconneuses-a-batterie","13":"first","14":"onbackorder","15":"shipping-taxable","16":"purchasable","17":"product-type-simple"},"_links":{"self":[{"href":"https:\/\/lucacastelli.com\/fr\/wp-json\/wp\/v2\/product\/534316","targetHints":{"allow":["GET"]}}],"collection":[{"href":"https:\/\/lucacastelli.com\/fr\/wp-json\/wp\/v2\/product"}],"about":[{"href":"https:\/\/lucacastelli.com\/fr\/wp-json\/wp\/v2\/types\/product"}],"wp:featuredmedia":[{"embeddable":true,"href":"https:\/\/lucacastelli.com\/fr\/wp-json\/wp\/v2\/media\/534297"}],"wp:attachment":[{"href":"https:\/\/lucacastelli.com\/fr\/wp-json\/wp\/v2\/media?parent=534316"}],"wp:term":[{"taxonomy":"product_brand","embeddable":true,"href":"https:\/\/lucacastelli.com\/fr\/wp-json\/wp\/v2\/product_brand?post=534316"},{"taxonomy":"product_cat","embeddable":true,"href":"https:\/\/lucacastelli.com\/fr\/wp-json\/wp\/v2\/product_cat?post=534316"},{"taxonomy":"product_tag","embeddable":true,"href":"https:\/\/lucacastelli.com\/fr\/wp-json\/wp\/v2\/product_tag?post=534316"}],"curies":[{"name":"wp","href":"https:\/\/api.w.org\/{rel}","templated":true}]}}