{"id":534292,"date":"2025-08-01T12:40:37","date_gmt":"2025-08-01T10:40:37","guid":{"rendered":"https:\/\/lucacastelli.com\/prodotto\/stihl-coltello-tascabile-2\/"},"modified":"2025-08-01T12:40:42","modified_gmt":"2025-08-01T10:40:42","slug":"stihl-coltello-tascabile-2","status":"publish","type":"product","link":"https:\/\/lucacastelli.com\/fr\/produit\/stihl-coltello-tascabile-2\/","title":{"rendered":"STIHL Coltello tascabile"},"content":{"rendered":"<p>Ce couteau de poche en acier de haute qualit\u00e9 peut \u00eatre utilis\u00e9 de nombreuses fa\u00e7ons \u00e0 l&#8217;ext\u00e9rieur. Le manche du couteau pliant avec lame verrouillable est en acier inoxydable mat et lamin\u00e9 avec de la fibre de verre orange, il r\u00e9siste \u00e0 toutes les contraintes et est fait pour les aventures en plein air.<\/p>\n","protected":false},"excerpt":{"rendered":"<p>Ce couteau de poche en acier de haute qualit\u00e9 peut \u00eatre utilis\u00e9 de nombreuses fa\u00e7ons \u00e0 l&#8217;ext\u00e9rieur. Le manche du<\/p>\n","protected":false},"featured_media":534285,"template":"","meta":{"_seopress_robots_primary_cat":"","_seopress_titles_title":"","_seopress_titles_desc":"","_seopress_robots_index":""},"product_brand":[3555],"product_cat":[81,1477],"product_tag":[],"class_list":{"0":"post-534292","1":"product","2":"type-product","3":"status-publish","4":"has-post-thumbnail","6":"product_brand-stihl-fr","7":"product_cat-vetements","8":"product_cat-shop-fr","10":"first","11":"onbackorder","12":"shipping-taxable","13":"purchasable","14":"product-type-simple"},"_links":{"self":[{"href":"https:\/\/lucacastelli.com\/fr\/wp-json\/wp\/v2\/product\/534292","targetHints":{"allow":["GET"]}}],"collection":[{"href":"https:\/\/lucacastelli.com\/fr\/wp-json\/wp\/v2\/product"}],"about":[{"href":"https:\/\/lucacastelli.com\/fr\/wp-json\/wp\/v2\/types\/product"}],"wp:featuredmedia":[{"embeddable":true,"href":"https:\/\/lucacastelli.com\/fr\/wp-json\/wp\/v2\/media\/534285"}],"wp:attachment":[{"href":"https:\/\/lucacastelli.com\/fr\/wp-json\/wp\/v2\/media?parent=534292"}],"wp:term":[{"taxonomy":"product_brand","embeddable":true,"href":"https:\/\/lucacastelli.com\/fr\/wp-json\/wp\/v2\/product_brand?post=534292"},{"taxonomy":"product_cat","embeddable":true,"href":"https:\/\/lucacastelli.com\/fr\/wp-json\/wp\/v2\/product_cat?post=534292"},{"taxonomy":"product_tag","embeddable":true,"href":"https:\/\/lucacastelli.com\/fr\/wp-json\/wp\/v2\/product_tag?post=534292"}],"curies":[{"name":"wp","href":"https:\/\/api.w.org\/{rel}","templated":true}]}}