{"id":534284,"date":"2025-08-01T12:40:26","date_gmt":"2025-08-01T10:40:26","guid":{"rendered":"https:\/\/lucacastelli.com\/prodotto\/stihl-set-per-grigliare-2\/"},"modified":"2025-08-01T12:40:32","modified_gmt":"2025-08-01T10:40:32","slug":"stihl-set-per-grigliare-2","status":"publish","type":"product","link":"https:\/\/lucacastelli.com\/fr\/produit\/stihl-set-per-grigliare-2\/","title":{"rendered":"STIHL Set per grigliare"},"content":{"rendered":"<p>Le set de barbecue pour tous les fans de TIMBERSPORTS\u00ae et les amateurs de culture barbecue, con\u00e7u en Allemagne : il se compose d&#8217;une pince \u00e0 barbecue, d&#8217;une brosse, d&#8217;une broche \u00e0 r\u00f4tir avec fonction d\u00e9capsuleur et d&#8217;une brochette \u00e0 barbecue. Naturellement, les ustensiles sont marqu\u00e9s en cons\u00e9quence : le logo &#8220;STIHL TIMBERSPORTS\u00ae&#8221; a \u00e9t\u00e9 grav\u00e9 au laser sur chaque poteau et m\u00eame sur la broche de la r\u00f4tissoire. Le set de barbecue est livr\u00e9 dans un sac en cuir de haute qualit\u00e9 pour un rangement optimal des outils.<\/p>\n<p>Article : acier inoxydable oxyd\u00e9 noir et nylon ; emballage : \u00e9tui en cuir imprim\u00e9<\/p>\n","protected":false},"excerpt":{"rendered":"<p>Le set de barbecue pour tous les fans de TIMBERSPORTS\u00ae et les amateurs de culture barbecue, con\u00e7u en Allemagne :<\/p>\n","protected":false},"featured_media":534277,"template":"","meta":{"_seopress_robots_primary_cat":"","_seopress_titles_title":"","_seopress_titles_desc":"","_seopress_robots_index":""},"product_brand":[3366],"product_cat":[21,1103],"product_tag":[],"class_list":{"0":"post-534284","1":"product","2":"type-product","3":"status-publish","4":"has-post-thumbnail","6":"product_brand-stihl","7":"product_cat-abbigliamento","8":"product_cat-shops","10":"first","11":"onbackorder","12":"shipping-taxable","13":"purchasable","14":"product-type-simple"},"_links":{"self":[{"href":"https:\/\/lucacastelli.com\/fr\/wp-json\/wp\/v2\/product\/534284","targetHints":{"allow":["GET"]}}],"collection":[{"href":"https:\/\/lucacastelli.com\/fr\/wp-json\/wp\/v2\/product"}],"about":[{"href":"https:\/\/lucacastelli.com\/fr\/wp-json\/wp\/v2\/types\/product"}],"wp:featuredmedia":[{"embeddable":true,"href":"https:\/\/lucacastelli.com\/fr\/wp-json\/wp\/v2\/media\/534277"}],"wp:attachment":[{"href":"https:\/\/lucacastelli.com\/fr\/wp-json\/wp\/v2\/media?parent=534284"}],"wp:term":[{"taxonomy":"product_brand","embeddable":true,"href":"https:\/\/lucacastelli.com\/fr\/wp-json\/wp\/v2\/product_brand?post=534284"},{"taxonomy":"product_cat","embeddable":true,"href":"https:\/\/lucacastelli.com\/fr\/wp-json\/wp\/v2\/product_cat?post=534284"},{"taxonomy":"product_tag","embeddable":true,"href":"https:\/\/lucacastelli.com\/fr\/wp-json\/wp\/v2\/product_tag?post=534284"}],"curies":[{"name":"wp","href":"https:\/\/api.w.org\/{rel}","templated":true}]}}