{"id":534276,"date":"2025-08-01T12:40:16","date_gmt":"2025-08-01T10:40:16","guid":{"rendered":"https:\/\/lucacastelli.com\/prodotto\/stihl-tazza-timbersports-axe-2\/"},"modified":"2025-08-01T12:40:21","modified_gmt":"2025-08-01T10:40:21","slug":"stihl-tazza-timbersports-axe-2","status":"publish","type":"product","link":"https:\/\/lucacastelli.com\/fr\/produit\/stihl-tazza-timbersports-axe-2\/","title":{"rendered":"STIHL Tazza TIMBERSPORTS AXE"},"content":{"rendered":"<p>C&#8217;est ainsi que le matin peut commencer pour tout fan de comp\u00e9tition foresti\u00e8re : avec le mug noir mat de TIMBERSPORTS\u00ae ! Le mug en porcelaine est d\u00e9cor\u00e9 d&#8217;une gravure de haute qualit\u00e9 repr\u00e9sentant les c\u00e9l\u00e8bres haches crois\u00e9es de TIMBERSPORTS\u00ae.<\/p>\n<p>Porcelaine<br \/>\nNoir\/Blanc<\/p>\n","protected":false},"excerpt":{"rendered":"<p>C&#8217;est ainsi que le matin peut commencer pour tout fan de comp\u00e9tition foresti\u00e8re : avec le mug noir mat de<\/p>\n","protected":false},"featured_media":534269,"template":"","meta":{"_seopress_robots_primary_cat":"","_seopress_titles_title":"","_seopress_titles_desc":"","_seopress_robots_index":""},"product_brand":[3366],"product_cat":[21,1103],"product_tag":[],"class_list":{"0":"post-534276","1":"product","2":"type-product","3":"status-publish","4":"has-post-thumbnail","6":"product_brand-stihl","7":"product_cat-abbigliamento","8":"product_cat-shops","10":"first","11":"onbackorder","12":"shipping-taxable","13":"purchasable","14":"product-type-simple"},"_links":{"self":[{"href":"https:\/\/lucacastelli.com\/fr\/wp-json\/wp\/v2\/product\/534276","targetHints":{"allow":["GET"]}}],"collection":[{"href":"https:\/\/lucacastelli.com\/fr\/wp-json\/wp\/v2\/product"}],"about":[{"href":"https:\/\/lucacastelli.com\/fr\/wp-json\/wp\/v2\/types\/product"}],"wp:featuredmedia":[{"embeddable":true,"href":"https:\/\/lucacastelli.com\/fr\/wp-json\/wp\/v2\/media\/534269"}],"wp:attachment":[{"href":"https:\/\/lucacastelli.com\/fr\/wp-json\/wp\/v2\/media?parent=534276"}],"wp:term":[{"taxonomy":"product_brand","embeddable":true,"href":"https:\/\/lucacastelli.com\/fr\/wp-json\/wp\/v2\/product_brand?post=534276"},{"taxonomy":"product_cat","embeddable":true,"href":"https:\/\/lucacastelli.com\/fr\/wp-json\/wp\/v2\/product_cat?post=534276"},{"taxonomy":"product_tag","embeddable":true,"href":"https:\/\/lucacastelli.com\/fr\/wp-json\/wp\/v2\/product_tag?post=534276"}],"curies":[{"name":"wp","href":"https:\/\/api.w.org\/{rel}","templated":true}]}}