{"id":534268,"date":"2025-08-01T12:40:05","date_gmt":"2025-08-01T10:40:05","guid":{"rendered":"https:\/\/lucacastelli.com\/prodotto\/stihl-targa-in-lamiera-sts-fan-2\/"},"modified":"2025-08-01T12:40:11","modified_gmt":"2025-08-01T10:40:11","slug":"stihl-targa-in-lamiera-sts-fan-2","status":"publish","type":"product","link":"https:\/\/lucacastelli.com\/fr\/produit\/stihl-targa-in-lamiera-sts-fan-2\/","title":{"rendered":"STIHL Targa in lamiera STS Fan"},"content":{"rendered":"<p>Un troph\u00e9e \u00e0 accrocher au mur. Les amateurs d&#8217;art du b\u00fbcheron ne pourront pas s&#8217;en passer. Plaque en m\u00e9tal de haute qualit\u00e9, quatre trous pour le montage mural.<\/p>\n<p>Mesures : environ 30 \u00d7 40 cm<\/p>\n","protected":false},"excerpt":{"rendered":"<p>Un troph\u00e9e \u00e0 accrocher au mur. Les amateurs d&#8217;art du b\u00fbcheron ne pourront pas s&#8217;en passer. Plaque en m\u00e9tal de<\/p>\n","protected":false},"featured_media":534261,"template":"","meta":{"_seopress_robots_primary_cat":"","_seopress_titles_title":"","_seopress_titles_desc":"","_seopress_robots_index":""},"product_brand":[3366],"product_cat":[21,1103],"product_tag":[],"class_list":{"0":"post-534268","1":"product","2":"type-product","3":"status-publish","4":"has-post-thumbnail","6":"product_brand-stihl","7":"product_cat-abbigliamento","8":"product_cat-shops","10":"first","11":"instock","12":"shipping-taxable","13":"purchasable","14":"product-type-simple"},"_links":{"self":[{"href":"https:\/\/lucacastelli.com\/fr\/wp-json\/wp\/v2\/product\/534268","targetHints":{"allow":["GET"]}}],"collection":[{"href":"https:\/\/lucacastelli.com\/fr\/wp-json\/wp\/v2\/product"}],"about":[{"href":"https:\/\/lucacastelli.com\/fr\/wp-json\/wp\/v2\/types\/product"}],"wp:featuredmedia":[{"embeddable":true,"href":"https:\/\/lucacastelli.com\/fr\/wp-json\/wp\/v2\/media\/534261"}],"wp:attachment":[{"href":"https:\/\/lucacastelli.com\/fr\/wp-json\/wp\/v2\/media?parent=534268"}],"wp:term":[{"taxonomy":"product_brand","embeddable":true,"href":"https:\/\/lucacastelli.com\/fr\/wp-json\/wp\/v2\/product_brand?post=534268"},{"taxonomy":"product_cat","embeddable":true,"href":"https:\/\/lucacastelli.com\/fr\/wp-json\/wp\/v2\/product_cat?post=534268"},{"taxonomy":"product_tag","embeddable":true,"href":"https:\/\/lucacastelli.com\/fr\/wp-json\/wp\/v2\/product_tag?post=534268"}],"curies":[{"name":"wp","href":"https:\/\/api.w.org\/{rel}","templated":true}]}}