{"id":534260,"date":"2025-08-01T12:39:55","date_gmt":"2025-08-01T10:39:55","guid":{"rendered":"https:\/\/lucacastelli.com\/prodotto\/stihl-apribottiglie-da-parete-contra-2\/"},"modified":"2025-08-01T12:40:00","modified_gmt":"2025-08-01T10:40:00","slug":"stihl-apribottiglie-da-parete-contra-2","status":"publish","type":"product","link":"https:\/\/lucacastelli.com\/fr\/produit\/stihl-apribottiglie-da-parete-contra-2\/","title":{"rendered":"STIHL Apribottiglie da parete CONTRA"},"content":{"rendered":"<p>Un must dans chaque atelier : le d\u00e9capsuleur mural de haute qualit\u00e9 dans le style du l\u00e9gendaire STIHL CONTRA ! Le d\u00e9capsuleur en fonte est \u00e9galement dot\u00e9 d&#8217;un embl\u00e8me STIHL de haute qualit\u00e9. Ainsi, chaque bouteille peut \u00eatre ouverte avec style et rien ne s&#8217;oppose \u00e0 ce que vous la buviez une fois le travail termin\u00e9.<\/p>\n<p>Mat\u00e9riau : fonte, alliage de zinc (embl\u00e8me)<\/p>\n","protected":false},"excerpt":{"rendered":"<p>Un must dans chaque atelier : le d\u00e9capsuleur mural de haute qualit\u00e9 dans le style du l\u00e9gendaire STIHL CONTRA !<\/p>\n","protected":false},"featured_media":534253,"template":"","meta":{"_seopress_robots_primary_cat":"","_seopress_titles_title":"","_seopress_titles_desc":"","_seopress_robots_index":""},"product_brand":[3366],"product_cat":[21,1103],"product_tag":[],"class_list":{"0":"post-534260","1":"product","2":"type-product","3":"status-publish","4":"has-post-thumbnail","6":"product_brand-stihl","7":"product_cat-abbigliamento","8":"product_cat-shops","10":"first","11":"onbackorder","12":"shipping-taxable","13":"purchasable","14":"product-type-simple"},"_links":{"self":[{"href":"https:\/\/lucacastelli.com\/fr\/wp-json\/wp\/v2\/product\/534260","targetHints":{"allow":["GET"]}}],"collection":[{"href":"https:\/\/lucacastelli.com\/fr\/wp-json\/wp\/v2\/product"}],"about":[{"href":"https:\/\/lucacastelli.com\/fr\/wp-json\/wp\/v2\/types\/product"}],"wp:featuredmedia":[{"embeddable":true,"href":"https:\/\/lucacastelli.com\/fr\/wp-json\/wp\/v2\/media\/534253"}],"wp:attachment":[{"href":"https:\/\/lucacastelli.com\/fr\/wp-json\/wp\/v2\/media?parent=534260"}],"wp:term":[{"taxonomy":"product_brand","embeddable":true,"href":"https:\/\/lucacastelli.com\/fr\/wp-json\/wp\/v2\/product_brand?post=534260"},{"taxonomy":"product_cat","embeddable":true,"href":"https:\/\/lucacastelli.com\/fr\/wp-json\/wp\/v2\/product_cat?post=534260"},{"taxonomy":"product_tag","embeddable":true,"href":"https:\/\/lucacastelli.com\/fr\/wp-json\/wp\/v2\/product_tag?post=534260"}],"curies":[{"name":"wp","href":"https:\/\/api.w.org\/{rel}","templated":true}]}}