{"id":534252,"date":"2025-08-01T12:39:44","date_gmt":"2025-08-01T10:39:44","guid":{"rendered":"https:\/\/lucacastelli.com\/prodotto\/stihl-globo-di-neve-motosega-ms500i-2\/"},"modified":"2025-08-01T12:39:50","modified_gmt":"2025-08-01T10:39:50","slug":"stihl-globo-di-neve-motosega-ms500i-2","status":"publish","type":"product","link":"https:\/\/lucacastelli.com\/fr\/produit\/stihl-globo-di-neve-motosega-ms500i-2\/","title":{"rendered":"STIHL Globo di neve Motosega MS500i"},"content":{"rendered":"<p>La sciure de bois coule doucement&#8230; Cette chanson pourrait venir \u00e0 l&#8217;esprit des fans inconditionnels de STIHL lorsqu&#8217;ils secouent cette &#8220;boule \u00e0 neige&#8221; et que la sciure tourbillonne dans l&#8217;air au lieu de la neige. Dans la boule se trouvent deux conif\u00e8res ainsi qu&#8217;une souche d&#8217;arbre dans laquelle la STIHL MS500i est plac\u00e9e une fois le travail termin\u00e9. Un bel accessoire pour tous ceux dont le sang orange coule dans les veines.<\/p>\n","protected":false},"excerpt":{"rendered":"<p>La sciure de bois coule doucement&#8230; Cette chanson pourrait venir \u00e0 l&#8217;esprit des fans inconditionnels de STIHL lorsqu&#8217;ils secouent cette<\/p>\n","protected":false},"featured_media":534245,"template":"","meta":{"_seopress_robots_primary_cat":"","_seopress_titles_title":"","_seopress_titles_desc":"","_seopress_robots_index":""},"product_brand":[3366],"product_cat":[21,1103],"product_tag":[],"class_list":{"0":"post-534252","1":"product","2":"type-product","3":"status-publish","4":"has-post-thumbnail","6":"product_brand-stihl","7":"product_cat-abbigliamento","8":"product_cat-shops","10":"first","11":"onbackorder","12":"shipping-taxable","13":"purchasable","14":"product-type-simple"},"_links":{"self":[{"href":"https:\/\/lucacastelli.com\/fr\/wp-json\/wp\/v2\/product\/534252","targetHints":{"allow":["GET"]}}],"collection":[{"href":"https:\/\/lucacastelli.com\/fr\/wp-json\/wp\/v2\/product"}],"about":[{"href":"https:\/\/lucacastelli.com\/fr\/wp-json\/wp\/v2\/types\/product"}],"wp:featuredmedia":[{"embeddable":true,"href":"https:\/\/lucacastelli.com\/fr\/wp-json\/wp\/v2\/media\/534245"}],"wp:attachment":[{"href":"https:\/\/lucacastelli.com\/fr\/wp-json\/wp\/v2\/media?parent=534252"}],"wp:term":[{"taxonomy":"product_brand","embeddable":true,"href":"https:\/\/lucacastelli.com\/fr\/wp-json\/wp\/v2\/product_brand?post=534252"},{"taxonomy":"product_cat","embeddable":true,"href":"https:\/\/lucacastelli.com\/fr\/wp-json\/wp\/v2\/product_cat?post=534252"},{"taxonomy":"product_tag","embeddable":true,"href":"https:\/\/lucacastelli.com\/fr\/wp-json\/wp\/v2\/product_tag?post=534252"}],"curies":[{"name":"wp","href":"https:\/\/api.w.org\/{rel}","templated":true}]}}