{"id":534244,"date":"2025-08-01T12:39:30","date_gmt":"2025-08-01T10:39:30","guid":{"rendered":"https:\/\/lucacastelli.com\/prodotto\/stihl-coppola-newsboy-cap-2\/"},"modified":"2025-08-01T12:40:55","modified_gmt":"2025-08-01T10:40:55","slug":"stihl-coppola-newsboy-cap-2","status":"publish","type":"product","link":"https:\/\/lucacastelli.com\/fr\/produit\/stihl-coppola-newsboy-cap-2\/","title":{"rendered":"STIHL Coppola Newsboy Cap"},"content":{"rendered":"<p>Pour les t\u00eates de caract\u00e8re ! Autrefois un must-have, aujourd&#8217;hui un excellent accessoire pour un look individuel. La casquette, avec le logo historique STIHL emboss\u00e9 sur l&#8217;\u00e9cusson en cuir v\u00e9ritable \u00e0 l&#8217;arri\u00e8re, est un v\u00e9ritable classique. Le m\u00e9lange de mat\u00e9riaux garantit un ajustement confortable. La casquette peut \u00eatre repli\u00e9e et transport\u00e9e dans n&#8217;importe quelle poche. Il est donc toujours avec vous !<\/p>\n","protected":false},"excerpt":{"rendered":"<p>Pour les t\u00eates de caract\u00e8re ! Autrefois un must-have, aujourd&#8217;hui un excellent accessoire pour un look individuel. La casquette, avec<\/p>\n","protected":false},"featured_media":534237,"template":"","meta":{"_seopress_robots_primary_cat":"","_seopress_titles_title":"","_seopress_titles_desc":"","_seopress_robots_index":""},"product_brand":[3366],"product_cat":[189,186,1103],"product_tag":[],"class_list":{"0":"post-534244","1":"product","2":"type-product","3":"status-publish","4":"has-post-thumbnail","6":"product_brand-stihl","7":"product_cat-abbigliamento-per-il-tempo-libero","8":"product_cat-accessori-per-labbigliamento","9":"product_cat-shops","10":"sws-gruppo-abb-libero-fr","11":"sws-conto-ricavi-merci-rivendita-abbigliamento-fr","12":"sws-gruppo-iva-iva81-fr","14":"first","15":"instock","16":"shipping-taxable","17":"product-type-variable"},"_links":{"self":[{"href":"https:\/\/lucacastelli.com\/fr\/wp-json\/wp\/v2\/product\/534244","targetHints":{"allow":["GET"]}}],"collection":[{"href":"https:\/\/lucacastelli.com\/fr\/wp-json\/wp\/v2\/product"}],"about":[{"href":"https:\/\/lucacastelli.com\/fr\/wp-json\/wp\/v2\/types\/product"}],"wp:featuredmedia":[{"embeddable":true,"href":"https:\/\/lucacastelli.com\/fr\/wp-json\/wp\/v2\/media\/534237"}],"wp:attachment":[{"href":"https:\/\/lucacastelli.com\/fr\/wp-json\/wp\/v2\/media?parent=534244"}],"wp:term":[{"taxonomy":"product_brand","embeddable":true,"href":"https:\/\/lucacastelli.com\/fr\/wp-json\/wp\/v2\/product_brand?post=534244"},{"taxonomy":"product_cat","embeddable":true,"href":"https:\/\/lucacastelli.com\/fr\/wp-json\/wp\/v2\/product_cat?post=534244"},{"taxonomy":"product_tag","embeddable":true,"href":"https:\/\/lucacastelli.com\/fr\/wp-json\/wp\/v2\/product_tag?post=534244"}],"curies":[{"name":"wp","href":"https:\/\/api.w.org\/{rel}","templated":true}]}}