{"id":534236,"date":"2025-08-01T12:39:18","date_gmt":"2025-08-01T10:39:18","guid":{"rendered":"https:\/\/lucacastelli.com\/prodotto\/stihl-nano-da-giardino-timbersport-edition-2\/"},"modified":"2025-08-01T12:39:24","modified_gmt":"2025-08-01T10:39:24","slug":"stihl-nano-da-giardino-timbersport-edition-2","status":"publish","type":"product","link":"https:\/\/lucacastelli.com\/fr\/produit\/stihl-nano-da-giardino-timbersport-edition-2\/","title":{"rendered":"STIHL Nano da giardino TIMBERSPORT Edition"},"content":{"rendered":"<p>Je me demande s&#8217;il aide son ma\u00eetre \u00e0 couper du bois. C&#8217;est un secret. Ce qui est clair, cependant, c&#8217;est que ce nain de jardin TIMBERSPORTS\u00ae pr\u00e9f\u00e8re se trouver dans le jardin d&#8217;un passionn\u00e9, peut-\u00eatre \u00e0 c\u00f4t\u00e9 de son coll\u00e8gue de travail, le nain de jardin STIHL. La figurine de 20 cm est pr\u00e9sent\u00e9e dans un look sportif avec hache, tronc d&#8217;arbre et maillot TIMBERSPORTS\u00ae.<\/p>\n<p>Polyr\u00e9sine<\/p>\n","protected":false},"excerpt":{"rendered":"<p>Je me demande s&#8217;il aide son ma\u00eetre \u00e0 couper du bois. C&#8217;est un secret. Ce qui est clair, cependant, c&#8217;est<\/p>\n","protected":false},"featured_media":534229,"template":"","meta":{"_seopress_robots_primary_cat":"","_seopress_titles_title":"","_seopress_titles_desc":"","_seopress_robots_index":""},"product_brand":[3366],"product_cat":[21,1103],"product_tag":[],"class_list":{"0":"post-534236","1":"product","2":"type-product","3":"status-publish","4":"has-post-thumbnail","6":"product_brand-stihl","7":"product_cat-abbigliamento","8":"product_cat-shops","10":"first","11":"onbackorder","12":"shipping-taxable","13":"purchasable","14":"product-type-simple"},"_links":{"self":[{"href":"https:\/\/lucacastelli.com\/fr\/wp-json\/wp\/v2\/product\/534236","targetHints":{"allow":["GET"]}}],"collection":[{"href":"https:\/\/lucacastelli.com\/fr\/wp-json\/wp\/v2\/product"}],"about":[{"href":"https:\/\/lucacastelli.com\/fr\/wp-json\/wp\/v2\/types\/product"}],"wp:featuredmedia":[{"embeddable":true,"href":"https:\/\/lucacastelli.com\/fr\/wp-json\/wp\/v2\/media\/534229"}],"wp:attachment":[{"href":"https:\/\/lucacastelli.com\/fr\/wp-json\/wp\/v2\/media?parent=534236"}],"wp:term":[{"taxonomy":"product_brand","embeddable":true,"href":"https:\/\/lucacastelli.com\/fr\/wp-json\/wp\/v2\/product_brand?post=534236"},{"taxonomy":"product_cat","embeddable":true,"href":"https:\/\/lucacastelli.com\/fr\/wp-json\/wp\/v2\/product_cat?post=534236"},{"taxonomy":"product_tag","embeddable":true,"href":"https:\/\/lucacastelli.com\/fr\/wp-json\/wp\/v2\/product_tag?post=534236"}],"curies":[{"name":"wp","href":"https:\/\/api.w.org\/{rel}","templated":true}]}}