{"id":534206,"date":"2025-08-01T12:28:00","date_gmt":"2025-08-01T10:28:00","guid":{"rendered":"https:\/\/lucacastelli.com\/prodotto\/stihl-thermos-circle-2\/"},"modified":"2025-08-01T12:28:05","modified_gmt":"2025-08-01T10:28:05","slug":"stihl-thermos-circle-2","status":"publish","type":"product","link":"https:\/\/lucacastelli.com\/fr\/produit\/stihl-thermos-circle-2\/","title":{"rendered":"STIHL Thermos CIRCLE"},"content":{"rendered":"<p>L&#8217;inscription &#8220;LEGENDARY PERFORMANCE&#8221; appara\u00eet sur cette bouteille isolante STIHL et ce n&#8217;est pas une exag\u00e9ration. La bouteille \u00e0 double paroi a une capacit\u00e9 de 500 ml, est fabriqu\u00e9e en acier inoxydable et impressionne par son design simple et contemporain.<\/p>\n<p>Acier inoxydable 201 \/ 304<\/p>\n","protected":false},"excerpt":{"rendered":"<p>L&#8217;inscription &#8220;LEGENDARY PERFORMANCE&#8221; appara\u00eet sur cette bouteille isolante STIHL et ce n&#8217;est pas une exag\u00e9ration. La bouteille \u00e0 double paroi<\/p>\n","protected":false},"featured_media":534198,"template":"","meta":{"_seopress_robots_primary_cat":"","_seopress_titles_title":"","_seopress_titles_desc":"","_seopress_robots_index":""},"product_brand":[3366],"product_cat":[21,1103],"product_tag":[],"class_list":{"0":"post-534206","1":"product","2":"type-product","3":"status-publish","4":"has-post-thumbnail","6":"product_brand-stihl","7":"product_cat-abbigliamento","8":"product_cat-shops","10":"first","11":"onbackorder","12":"shipping-taxable","13":"purchasable","14":"product-type-simple"},"_links":{"self":[{"href":"https:\/\/lucacastelli.com\/fr\/wp-json\/wp\/v2\/product\/534206","targetHints":{"allow":["GET"]}}],"collection":[{"href":"https:\/\/lucacastelli.com\/fr\/wp-json\/wp\/v2\/product"}],"about":[{"href":"https:\/\/lucacastelli.com\/fr\/wp-json\/wp\/v2\/types\/product"}],"wp:featuredmedia":[{"embeddable":true,"href":"https:\/\/lucacastelli.com\/fr\/wp-json\/wp\/v2\/media\/534198"}],"wp:attachment":[{"href":"https:\/\/lucacastelli.com\/fr\/wp-json\/wp\/v2\/media?parent=534206"}],"wp:term":[{"taxonomy":"product_brand","embeddable":true,"href":"https:\/\/lucacastelli.com\/fr\/wp-json\/wp\/v2\/product_brand?post=534206"},{"taxonomy":"product_cat","embeddable":true,"href":"https:\/\/lucacastelli.com\/fr\/wp-json\/wp\/v2\/product_cat?post=534206"},{"taxonomy":"product_tag","embeddable":true,"href":"https:\/\/lucacastelli.com\/fr\/wp-json\/wp\/v2\/product_tag?post=534206"}],"curies":[{"name":"wp","href":"https:\/\/api.w.org\/{rel}","templated":true}]}}