{"id":534060,"date":"2025-08-01T12:16:52","date_gmt":"2025-08-01T10:16:52","guid":{"rendered":"https:\/\/lucacastelli.com\/prodotto\/stihl-banco-da-lavoro-in-legno-2\/"},"modified":"2025-08-01T12:16:57","modified_gmt":"2025-08-01T10:16:57","slug":"stihl-banco-da-lavoro-in-legno-2","status":"publish","type":"product","link":"https:\/\/lucacastelli.com\/fr\/produit\/stihl-banco-da-lavoro-in-legno-2\/","title":{"rendered":"STIHL Banco da lavoro in legno"},"content":{"rendered":"<p>Commencez \u00e0 r\u00e9p\u00e9ter t\u00f4t ! Et quoi de plus amusant que cet \u00e9tabli STIHL pour enfants, dont les moindres d\u00e9tails ont \u00e9t\u00e9 pris en compte ? L&#8217;\u00e9tabli est en bois et est d\u00e9j\u00e0 livr\u00e9 avec des outils en bois. Il y a aussi des supports pour toute la gamme d&#8217;outils STIHL pour enfants : tron\u00e7onneuse, souffleur de feuilles, faux \u00e9lectrique, casque et gants ont tous leur place. L&#8217;\u00e9tabli certifi\u00e9 FSC offre une surface de travail suffisante pour les grands projets des petits.<\/p>\n<p>Mat\u00e9riau : bois de pin certifi\u00e9 FSC et MDF<\/p>\n","protected":false},"excerpt":{"rendered":"<p>Commencez \u00e0 r\u00e9p\u00e9ter t\u00f4t ! Et quoi de plus amusant que cet \u00e9tabli STIHL pour enfants, dont les moindres d\u00e9tails<\/p>\n","protected":false},"featured_media":534052,"template":"","meta":{"_seopress_robots_primary_cat":"","_seopress_titles_title":"","_seopress_titles_desc":"","_seopress_robots_index":""},"product_brand":[3366],"product_cat":[21,1103],"product_tag":[],"class_list":{"0":"post-534060","1":"product","2":"type-product","3":"status-publish","4":"has-post-thumbnail","6":"product_brand-stihl","7":"product_cat-abbigliamento","8":"product_cat-shops","10":"first","11":"onbackorder","12":"shipping-taxable","13":"purchasable","14":"product-type-simple"},"_links":{"self":[{"href":"https:\/\/lucacastelli.com\/fr\/wp-json\/wp\/v2\/product\/534060","targetHints":{"allow":["GET"]}}],"collection":[{"href":"https:\/\/lucacastelli.com\/fr\/wp-json\/wp\/v2\/product"}],"about":[{"href":"https:\/\/lucacastelli.com\/fr\/wp-json\/wp\/v2\/types\/product"}],"wp:featuredmedia":[{"embeddable":true,"href":"https:\/\/lucacastelli.com\/fr\/wp-json\/wp\/v2\/media\/534052"}],"wp:attachment":[{"href":"https:\/\/lucacastelli.com\/fr\/wp-json\/wp\/v2\/media?parent=534060"}],"wp:term":[{"taxonomy":"product_brand","embeddable":true,"href":"https:\/\/lucacastelli.com\/fr\/wp-json\/wp\/v2\/product_brand?post=534060"},{"taxonomy":"product_cat","embeddable":true,"href":"https:\/\/lucacastelli.com\/fr\/wp-json\/wp\/v2\/product_cat?post=534060"},{"taxonomy":"product_tag","embeddable":true,"href":"https:\/\/lucacastelli.com\/fr\/wp-json\/wp\/v2\/product_tag?post=534060"}],"curies":[{"name":"wp","href":"https:\/\/api.w.org\/{rel}","templated":true}]}}