{"id":534040,"date":"2025-08-01T12:16:20","date_gmt":"2025-08-01T10:16:20","guid":{"rendered":"https:\/\/lucacastelli.com\/prodotto\/stihl-spranga-guida-rollomatic-es-2\/"},"modified":"2025-08-01T12:16:47","modified_gmt":"2025-08-01T10:16:47","slug":"stihl-spranga-guida-rollomatic-es-2","status":"publish","type":"product","link":"https:\/\/lucacastelli.com\/fr\/produit\/stihl-spranga-guida-rollomatic-es-2\/","title":{"rendered":"STIHL Spranga guida ROLLOMATIC ES"},"content":{"rendered":"<p>Pour les exigences professionnelles les plus \u00e9lev\u00e9es sur des machines tr\u00e8s puissantes. Bo\u00eetier de barre solide et particuli\u00e8rement rigide, t\u00eate de barre enti\u00e8rement interchangeable, trous d&#8217;huile elliptiques inclin\u00e9s pour une lubrification optimale. Sans entretien gr\u00e2ce au roulement ferm\u00e9 de l&#8217;\u00e9toile de d\u00e9viation.<\/p>\n","protected":false},"excerpt":{"rendered":"<p>Pour les exigences professionnelles les plus \u00e9lev\u00e9es sur des machines tr\u00e8s puissantes. Bo\u00eetier de barre solide et particuli\u00e8rement rigide, t\u00eate<\/p>\n","protected":false},"featured_media":534032,"template":"","meta":{"_seopress_robots_primary_cat":"","_seopress_titles_title":"","_seopress_titles_desc":"","_seopress_robots_index":""},"product_brand":[3366],"product_cat":[29,524],"product_tag":[],"class_list":{"0":"post-534040","1":"product","2":"type-product","3":"status-publish","4":"has-post-thumbnail","6":"product_brand-stihl","7":"product_cat-macchinari","8":"product_cat-spranghe-guida","10":"first","11":"instock","12":"shipping-taxable","13":"product-type-variable"},"_links":{"self":[{"href":"https:\/\/lucacastelli.com\/fr\/wp-json\/wp\/v2\/product\/534040","targetHints":{"allow":["GET"]}}],"collection":[{"href":"https:\/\/lucacastelli.com\/fr\/wp-json\/wp\/v2\/product"}],"about":[{"href":"https:\/\/lucacastelli.com\/fr\/wp-json\/wp\/v2\/types\/product"}],"wp:featuredmedia":[{"embeddable":true,"href":"https:\/\/lucacastelli.com\/fr\/wp-json\/wp\/v2\/media\/534032"}],"wp:attachment":[{"href":"https:\/\/lucacastelli.com\/fr\/wp-json\/wp\/v2\/media?parent=534040"}],"wp:term":[{"taxonomy":"product_brand","embeddable":true,"href":"https:\/\/lucacastelli.com\/fr\/wp-json\/wp\/v2\/product_brand?post=534040"},{"taxonomy":"product_cat","embeddable":true,"href":"https:\/\/lucacastelli.com\/fr\/wp-json\/wp\/v2\/product_cat?post=534040"},{"taxonomy":"product_tag","embeddable":true,"href":"https:\/\/lucacastelli.com\/fr\/wp-json\/wp\/v2\/product_tag?post=534040"}],"curies":[{"name":"wp","href":"https:\/\/api.w.org\/{rel}","templated":true}]}}