{"id":533923,"date":"2025-08-01T12:04:18","date_gmt":"2025-08-01T10:04:18","guid":{"rendered":"https:\/\/lucacastelli.com\/prodotto\/stihl-set-chiodi-di-fissaggio-2\/"},"modified":"2025-08-01T12:04:24","modified_gmt":"2025-08-01T10:04:24","slug":"stihl-set-chiodi-di-fissaggio-2","status":"publish","type":"product","link":"https:\/\/lucacastelli.com\/fr\/produit\/stihl-set-chiodi-di-fissaggio-2\/","title":{"rendered":"STIHL Set chiodi di fissaggio"},"content":{"rendered":"<p>Pour ancrer le c\u00e2ble p\u00e9riph\u00e9rique dans la surface de la pelouse. Les fixations sont d\u00e9j\u00e0 incluses dans la livraison du Kit d&#8217;installation iMOW\u00ae 1 et du Kit d&#8217;installation iMOW\u00ae 2 PLUS.<\/p>\n<p>75 pi\u00e8ces, \u00d8 3,4 mm<\/p>\n","protected":false},"excerpt":{"rendered":"<p>Pour ancrer le c\u00e2ble p\u00e9riph\u00e9rique dans la surface de la pelouse. Les fixations sont d\u00e9j\u00e0 incluses dans la livraison du<\/p>\n","protected":false},"featured_media":533915,"template":"","meta":{"_seopress_robots_primary_cat":"","_seopress_titles_title":"","_seopress_titles_desc":"","_seopress_robots_index":""},"product_brand":[3366],"product_cat":[29,262,278],"product_tag":[],"class_list":{"0":"post-533923","1":"product","2":"type-product","3":"status-publish","4":"has-post-thumbnail","6":"product_brand-stihl","7":"product_cat-macchinari","8":"product_cat-tosaerba-e-robot","9":"product_cat-robot-tosaerba","11":"first","12":"instock","13":"shipping-taxable","14":"purchasable","15":"product-type-simple"},"_links":{"self":[{"href":"https:\/\/lucacastelli.com\/fr\/wp-json\/wp\/v2\/product\/533923","targetHints":{"allow":["GET"]}}],"collection":[{"href":"https:\/\/lucacastelli.com\/fr\/wp-json\/wp\/v2\/product"}],"about":[{"href":"https:\/\/lucacastelli.com\/fr\/wp-json\/wp\/v2\/types\/product"}],"wp:featuredmedia":[{"embeddable":true,"href":"https:\/\/lucacastelli.com\/fr\/wp-json\/wp\/v2\/media\/533915"}],"wp:attachment":[{"href":"https:\/\/lucacastelli.com\/fr\/wp-json\/wp\/v2\/media?parent=533923"}],"wp:term":[{"taxonomy":"product_brand","embeddable":true,"href":"https:\/\/lucacastelli.com\/fr\/wp-json\/wp\/v2\/product_brand?post=533923"},{"taxonomy":"product_cat","embeddable":true,"href":"https:\/\/lucacastelli.com\/fr\/wp-json\/wp\/v2\/product_cat?post=533923"},{"taxonomy":"product_tag","embeddable":true,"href":"https:\/\/lucacastelli.com\/fr\/wp-json\/wp\/v2\/product_tag?post=533923"}],"curies":[{"name":"wp","href":"https:\/\/api.w.org\/{rel}","templated":true}]}}