{"id":533914,"date":"2025-08-01T12:04:07","date_gmt":"2025-08-01T10:04:07","guid":{"rendered":"https:\/\/lucacastelli.com\/prodotto\/stihl-prolunga-hta-50-2\/"},"modified":"2026-03-10T00:05:34","modified_gmt":"2026-03-09T23:05:34","slug":"stihl-prolunga-hta-50-2","status":"publish","type":"product","link":"https:\/\/lucacastelli.com\/fr\/produit\/stihl-prolunga-hta-50-2\/","title":{"rendered":"STIHL Prolunga HTA 50"},"content":{"rendered":"<p>Caract\u00e9ristiques principales :  <\/p>\n<p>Fabriqu\u00e9 en aluminium.<br \/>\nLongueur totale 50 cm.<br \/>\nPoids 465 g.<br \/>\nAccessoire pour l&#8217;\u00e9lagueuse STIHL HTA 50 qui permet d&#8217;allonger le manche de 50 cm en un seul geste.<\/p>\n","protected":false},"excerpt":{"rendered":"<p>Caract\u00e9ristiques principales : Fabriqu\u00e9 en aluminium. Longueur totale 50 cm. Poids 465 g. Accessoire pour l&#8217;\u00e9lagueuse STIHL HTA 50 qui<\/p>\n","protected":false},"featured_media":533906,"template":"","meta":{"_seopress_robots_primary_cat":"","_seopress_titles_title":"","_seopress_titles_desc":"","_seopress_robots_index":""},"product_brand":[3366],"product_cat":[29,282,267],"product_tag":[],"class_list":{"0":"post-533914","1":"product","2":"type-product","3":"status-publish","4":"has-post-thumbnail","6":"product_brand-stihl","7":"product_cat-macchinari","8":"product_cat-tosasiepi-e-potatori-a-batteria","9":"product_cat-tosasiepi-e-potatori","11":"first","12":"onbackorder","13":"shipping-taxable","14":"purchasable","15":"product-type-simple"},"_links":{"self":[{"href":"https:\/\/lucacastelli.com\/fr\/wp-json\/wp\/v2\/product\/533914","targetHints":{"allow":["GET"]}}],"collection":[{"href":"https:\/\/lucacastelli.com\/fr\/wp-json\/wp\/v2\/product"}],"about":[{"href":"https:\/\/lucacastelli.com\/fr\/wp-json\/wp\/v2\/types\/product"}],"wp:featuredmedia":[{"embeddable":true,"href":"https:\/\/lucacastelli.com\/fr\/wp-json\/wp\/v2\/media\/533906"}],"wp:attachment":[{"href":"https:\/\/lucacastelli.com\/fr\/wp-json\/wp\/v2\/media?parent=533914"}],"wp:term":[{"taxonomy":"product_brand","embeddable":true,"href":"https:\/\/lucacastelli.com\/fr\/wp-json\/wp\/v2\/product_brand?post=533914"},{"taxonomy":"product_cat","embeddable":true,"href":"https:\/\/lucacastelli.com\/fr\/wp-json\/wp\/v2\/product_cat?post=533914"},{"taxonomy":"product_tag","embeddable":true,"href":"https:\/\/lucacastelli.com\/fr\/wp-json\/wp\/v2\/product_tag?post=533914"}],"curies":[{"name":"wp","href":"https:\/\/api.w.org\/{rel}","templated":true}]}}