{"id":526778,"date":"2025-07-31T16:04:17","date_gmt":"2025-07-31T14:04:17","guid":{"rendered":"https:\/\/lucacastelli.com\/prodotto\/stihl-bicchiere-da-birra-chiara-2\/"},"modified":"2025-07-31T16:04:23","modified_gmt":"2025-07-31T14:04:23","slug":"stihl-bicchiere-da-birra-chiara-2","status":"publish","type":"product","link":"https:\/\/lucacastelli.com\/fr\/produit\/stihl-bicchiere-da-birra-chiara-2\/","title":{"rendered":"STIHL Bicchiere da birra chiara"},"content":{"rendered":"<p>Lot de 2 verres \u00e0 bi\u00e8re, 0,5 litre, logo tron\u00e7onneuse grav\u00e9.<\/p>\n","protected":false},"excerpt":{"rendered":"<p>Lot de 2 verres \u00e0 bi\u00e8re, 0,5 litre, logo tron\u00e7onneuse grav\u00e9.<\/p>\n","protected":false},"featured_media":526771,"template":"","meta":{"_seopress_robots_primary_cat":"","_seopress_titles_title":"","_seopress_titles_desc":"","_seopress_robots_index":""},"product_brand":[3366],"product_cat":[21,1103],"product_tag":[],"class_list":{"0":"post-526778","1":"product","2":"type-product","3":"status-publish","4":"has-post-thumbnail","6":"product_brand-stihl","7":"product_cat-abbigliamento","8":"product_cat-shops","10":"first","11":"onbackorder","12":"shipping-taxable","13":"purchasable","14":"product-type-simple"},"_links":{"self":[{"href":"https:\/\/lucacastelli.com\/fr\/wp-json\/wp\/v2\/product\/526778","targetHints":{"allow":["GET"]}}],"collection":[{"href":"https:\/\/lucacastelli.com\/fr\/wp-json\/wp\/v2\/product"}],"about":[{"href":"https:\/\/lucacastelli.com\/fr\/wp-json\/wp\/v2\/types\/product"}],"wp:featuredmedia":[{"embeddable":true,"href":"https:\/\/lucacastelli.com\/fr\/wp-json\/wp\/v2\/media\/526771"}],"wp:attachment":[{"href":"https:\/\/lucacastelli.com\/fr\/wp-json\/wp\/v2\/media?parent=526778"}],"wp:term":[{"taxonomy":"product_brand","embeddable":true,"href":"https:\/\/lucacastelli.com\/fr\/wp-json\/wp\/v2\/product_brand?post=526778"},{"taxonomy":"product_cat","embeddable":true,"href":"https:\/\/lucacastelli.com\/fr\/wp-json\/wp\/v2\/product_cat?post=526778"},{"taxonomy":"product_tag","embeddable":true,"href":"https:\/\/lucacastelli.com\/fr\/wp-json\/wp\/v2\/product_tag?post=526778"}],"curies":[{"name":"wp","href":"https:\/\/api.w.org\/{rel}","templated":true}]}}