{"id":526595,"date":"2025-07-31T15:41:25","date_gmt":"2025-07-31T13:41:25","guid":{"rendered":"https:\/\/lucacastelli.com\/prodotto\/stihl-scarponi-trekking-advance-gtx-2\/"},"modified":"2025-08-01T13:11:22","modified_gmt":"2025-08-01T11:11:22","slug":"stihl-scarponi-trekking-advance-gtx-2","status":"publish","type":"product","link":"https:\/\/lucacastelli.com\/fr\/produit\/stihl-scarponi-trekking-advance-gtx-2\/","title":{"rendered":"Chaussures de trekking STIHL ADVANCE GTX"},"content":{"rendered":"<p>Tige en cuir de veau velours de haute qualit\u00e9, extr\u00eamement hydrofuge, pour le travail professionnel \u00e0 la Tron\u00e7onneuse sur les surfaces inclin\u00e9es et dans l&#8217;entretien des arbres. La\u00e7age robuste avec crochets profonds, \u0153illets faciles \u00e0 glisser, membrane GORE-TEX\u00ae imperm\u00e9able et extr\u00eamement respirante. Semelle int\u00e9rieure ergonomique amovible tr\u00e8s absorbante, protection suppl\u00e9mentaire contre l&#8217;humidit\u00e9 et l&#8217;usure gr\u00e2ce \u00e0 la bordure en caoutchouc, semelle interm\u00e9diaire en PU absorbant les chocs, grande s\u00e9curit\u00e9 de mouvement gr\u00e2ce \u00e0 la semelle profil\u00e9e sp\u00e9ciale antid\u00e9rapante.<\/p>\n","protected":false},"excerpt":{"rendered":"<p>Tige en cuir de veau velours de haute qualit\u00e9, extr\u00eamement hydrofuge, pour le travail professionnel \u00e0 la Tron\u00e7onneuse sur les<\/p>\n","protected":false},"featured_media":526589,"template":"","meta":{"_seopress_robots_primary_cat":"none","_seopress_titles_title":"","_seopress_titles_desc":"","_seopress_robots_index":""},"product_brand":[3555],"product_cat":[173,1423],"product_tag":[],"class_list":{"0":"post-526595","1":"product","2":"type-product","3":"status-publish","4":"has-post-thumbnail","6":"product_brand-stihl-fr","7":"product_cat-chaussures","8":"product_cat-chaussures-de-travail","9":"sws-gruppo-abb-libero-fr","10":"sws-conto-ricavi-merci-rivendita-abbigliamento-fr","11":"sws-gruppo-iva-iva81-fr","13":"first","14":"instock","15":"sale","16":"shipping-taxable","17":"purchasable","18":"product-type-variable"},"_links":{"self":[{"href":"https:\/\/lucacastelli.com\/fr\/wp-json\/wp\/v2\/product\/526595","targetHints":{"allow":["GET"]}}],"collection":[{"href":"https:\/\/lucacastelli.com\/fr\/wp-json\/wp\/v2\/product"}],"about":[{"href":"https:\/\/lucacastelli.com\/fr\/wp-json\/wp\/v2\/types\/product"}],"wp:featuredmedia":[{"embeddable":true,"href":"https:\/\/lucacastelli.com\/fr\/wp-json\/wp\/v2\/media\/526589"}],"wp:attachment":[{"href":"https:\/\/lucacastelli.com\/fr\/wp-json\/wp\/v2\/media?parent=526595"}],"wp:term":[{"taxonomy":"product_brand","embeddable":true,"href":"https:\/\/lucacastelli.com\/fr\/wp-json\/wp\/v2\/product_brand?post=526595"},{"taxonomy":"product_cat","embeddable":true,"href":"https:\/\/lucacastelli.com\/fr\/wp-json\/wp\/v2\/product_cat?post=526595"},{"taxonomy":"product_tag","embeddable":true,"href":"https:\/\/lucacastelli.com\/fr\/wp-json\/wp\/v2\/product_tag?post=526595"}],"curies":[{"name":"wp","href":"https:\/\/api.w.org\/{rel}","templated":true}]}}