{"id":524881,"date":"2025-07-31T12:01:19","date_gmt":"2025-07-31T10:01:19","guid":{"rendered":"https:\/\/lucacastelli.com\/prodotto\/stihl-she-81-2\/"},"modified":"2025-11-06T16:21:57","modified_gmt":"2025-11-06T15:21:57","slug":"stihl-she-81-2","status":"publish","type":"product","link":"https:\/\/lucacastelli.com\/fr\/produit\/stihl-she-81-2\/","title":{"rendered":"STIHL SHE 81"},"content":{"rendered":"<p>Aspiro-broyeur \u00e9lectrique \u00e0 forte aspiration pour le nettoyage de grandes surfaces \u00e0 proximit\u00e9 d\u2019habitations. \u00c9galement utilisable comme souffleur avec son \u00e9quipement de s\u00e9rie. Avec tube de soufflage et buse plate.<\/p>\n","protected":false},"excerpt":{"rendered":"<p>Aspiro-broyeur \u00e9lectrique \u00e0 forte aspiration pour le nettoyage de grandes surfaces \u00e0 proximit\u00e9 d\u2019habitations. \u00c9galement utilisable comme souffleur avec son<\/p>\n","protected":false},"featured_media":524874,"template":"","meta":{"_seopress_robots_primary_cat":"","_seopress_titles_title":"","_seopress_titles_desc":"","_seopress_robots_index":""},"product_brand":[3366],"product_cat":[29,485],"product_tag":[],"class_list":{"0":"post-524881","1":"product","2":"type-product","3":"status-publish","4":"has-post-thumbnail","6":"product_brand-stihl","7":"product_cat-macchinari","8":"product_cat-soffiatori-e-aspiratori","10":"first","11":"onbackorder","12":"shipping-taxable","13":"purchasable","14":"product-type-simple"},"_links":{"self":[{"href":"https:\/\/lucacastelli.com\/fr\/wp-json\/wp\/v2\/product\/524881","targetHints":{"allow":["GET"]}}],"collection":[{"href":"https:\/\/lucacastelli.com\/fr\/wp-json\/wp\/v2\/product"}],"about":[{"href":"https:\/\/lucacastelli.com\/fr\/wp-json\/wp\/v2\/types\/product"}],"wp:featuredmedia":[{"embeddable":true,"href":"https:\/\/lucacastelli.com\/fr\/wp-json\/wp\/v2\/media\/524874"}],"wp:attachment":[{"href":"https:\/\/lucacastelli.com\/fr\/wp-json\/wp\/v2\/media?parent=524881"}],"wp:term":[{"taxonomy":"product_brand","embeddable":true,"href":"https:\/\/lucacastelli.com\/fr\/wp-json\/wp\/v2\/product_brand?post=524881"},{"taxonomy":"product_cat","embeddable":true,"href":"https:\/\/lucacastelli.com\/fr\/wp-json\/wp\/v2\/product_cat?post=524881"},{"taxonomy":"product_tag","embeddable":true,"href":"https:\/\/lucacastelli.com\/fr\/wp-json\/wp\/v2\/product_tag?post=524881"}],"curies":[{"name":"wp","href":"https:\/\/api.w.org\/{rel}","templated":true}]}}