{"id":524871,"date":"2025-07-31T11:05:55","date_gmt":"2025-07-31T09:05:55","guid":{"rendered":"https:\/\/lucacastelli.com\/prodotto\/stihl-bicchiere-da-birra-2\/"},"modified":"2025-07-31T11:06:00","modified_gmt":"2025-07-31T09:06:00","slug":"stihl-bicchiere-da-birra-2","status":"publish","type":"product","link":"https:\/\/lucacastelli.com\/fr\/produit\/stihl-bicchiere-da-birra-2\/","title":{"rendered":"STIHL Bicchiere da birra"},"content":{"rendered":"<p> Set de 2 verres \u00e0 bi\u00e8re, 0.3 litres, logo STIHL grav\u00e9 \u00e0 la verticale.<\/p>\n","protected":false},"excerpt":{"rendered":"<p>Set de 2 verres \u00e0 bi\u00e8re, 0.3 litres, logo STIHL grav\u00e9 \u00e0 la verticale.<\/p>\n","protected":false},"featured_media":524864,"template":"","meta":{"_seopress_robots_primary_cat":"","_seopress_titles_title":"","_seopress_titles_desc":"","_seopress_robots_index":""},"product_brand":[3366],"product_cat":[1103],"product_tag":[],"class_list":{"0":"post-524871","1":"product","2":"type-product","3":"status-publish","4":"has-post-thumbnail","6":"product_brand-stihl","7":"product_cat-shops","9":"first","10":"instock","11":"shipping-taxable","12":"purchasable","13":"product-type-simple"},"_links":{"self":[{"href":"https:\/\/lucacastelli.com\/fr\/wp-json\/wp\/v2\/product\/524871","targetHints":{"allow":["GET"]}}],"collection":[{"href":"https:\/\/lucacastelli.com\/fr\/wp-json\/wp\/v2\/product"}],"about":[{"href":"https:\/\/lucacastelli.com\/fr\/wp-json\/wp\/v2\/types\/product"}],"wp:featuredmedia":[{"embeddable":true,"href":"https:\/\/lucacastelli.com\/fr\/wp-json\/wp\/v2\/media\/524864"}],"wp:attachment":[{"href":"https:\/\/lucacastelli.com\/fr\/wp-json\/wp\/v2\/media?parent=524871"}],"wp:term":[{"taxonomy":"product_brand","embeddable":true,"href":"https:\/\/lucacastelli.com\/fr\/wp-json\/wp\/v2\/product_brand?post=524871"},{"taxonomy":"product_cat","embeddable":true,"href":"https:\/\/lucacastelli.com\/fr\/wp-json\/wp\/v2\/product_cat?post=524871"},{"taxonomy":"product_tag","embeddable":true,"href":"https:\/\/lucacastelli.com\/fr\/wp-json\/wp\/v2\/product_tag?post=524871"}],"curies":[{"name":"wp","href":"https:\/\/api.w.org\/{rel}","templated":true}]}}