{"id":524863,"date":"2025-07-31T11:05:45","date_gmt":"2025-07-31T09:05:45","guid":{"rendered":"https:\/\/lucacastelli.com\/prodotto\/stihl-cap-wood-2\/"},"modified":"2025-07-31T11:05:50","modified_gmt":"2025-07-31T09:05:50","slug":"stihl-cap-wood-2","status":"publish","type":"product","link":"https:\/\/lucacastelli.com\/fr\/produit\/stihl-cap-wood-2\/","title":{"rendered":"STIHL Cap Wood"},"content":{"rendered":"<p>Pour les aventuriers tendance ! Casquette cinq panneaux en velours milleraies, avec badge \u00bbINTO THE WOODS\u00ab \u00e0 l\u2019avant. Pratique, mais aussi extr\u00eamement styl\u00e9e ! Possibilit\u00e9 de r\u00e9gler la taille gr\u00e2ce \u00e0 la languette de r\u00e9glage \u00e0 l\u2019arri\u00e8re.<\/p>\n","protected":false},"excerpt":{"rendered":"<p>Pour les aventuriers tendance ! Casquette cinq panneaux en velours milleraies, avec badge \u00bbINTO THE WOODS\u00ab \u00e0 l\u2019avant. Pratique, mais<\/p>\n","protected":false},"featured_media":524856,"template":"","meta":{"_seopress_robots_primary_cat":"","_seopress_titles_title":"","_seopress_titles_desc":"","_seopress_robots_index":""},"product_brand":[3366],"product_cat":[21,189,186,1103],"product_tag":[],"class_list":{"0":"post-524863","1":"product","2":"type-product","3":"status-publish","4":"has-post-thumbnail","6":"product_brand-stihl","7":"product_cat-abbigliamento","8":"product_cat-abbigliamento-per-il-tempo-libero","9":"product_cat-accessori-per-labbigliamento","10":"product_cat-shops","12":"first","13":"instock","14":"shipping-taxable","15":"purchasable","16":"product-type-simple"},"_links":{"self":[{"href":"https:\/\/lucacastelli.com\/fr\/wp-json\/wp\/v2\/product\/524863","targetHints":{"allow":["GET"]}}],"collection":[{"href":"https:\/\/lucacastelli.com\/fr\/wp-json\/wp\/v2\/product"}],"about":[{"href":"https:\/\/lucacastelli.com\/fr\/wp-json\/wp\/v2\/types\/product"}],"wp:featuredmedia":[{"embeddable":true,"href":"https:\/\/lucacastelli.com\/fr\/wp-json\/wp\/v2\/media\/524856"}],"wp:attachment":[{"href":"https:\/\/lucacastelli.com\/fr\/wp-json\/wp\/v2\/media?parent=524863"}],"wp:term":[{"taxonomy":"product_brand","embeddable":true,"href":"https:\/\/lucacastelli.com\/fr\/wp-json\/wp\/v2\/product_brand?post=524863"},{"taxonomy":"product_cat","embeddable":true,"href":"https:\/\/lucacastelli.com\/fr\/wp-json\/wp\/v2\/product_cat?post=524863"},{"taxonomy":"product_tag","embeddable":true,"href":"https:\/\/lucacastelli.com\/fr\/wp-json\/wp\/v2\/product_tag?post=524863"}],"curies":[{"name":"wp","href":"https:\/\/api.w.org\/{rel}","templated":true}]}}