{"id":524855,"date":"2025-07-31T11:05:32","date_gmt":"2025-07-31T09:05:32","guid":{"rendered":"https:\/\/lucacastelli.com\/prodotto\/stihl-cappellino-2\/"},"modified":"2025-07-31T11:05:38","modified_gmt":"2025-07-31T09:05:38","slug":"stihl-cappellino-2","status":"publish","type":"product","link":"https:\/\/lucacastelli.com\/fr\/produit\/stihl-cappellino-2\/","title":{"rendered":"STIHL Cappellino"},"content":{"rendered":"<p>Pratique et cool. Casquette grise avec visi\u00e8re bleue et embl\u00e8me de tron\u00e7onneuse, pour couvrir votre t\u00eate lors des journ\u00e9es ensoleill\u00e9es.<br \/>\n100% coton<br \/>\nCOULEUR : Gris\/Bleu<br \/>\nTaille 52-55 cm <\/p>\n","protected":false},"excerpt":{"rendered":"<p>Pratique et cool. Casquette grise avec visi\u00e8re bleue et embl\u00e8me de tron\u00e7onneuse, pour couvrir votre t\u00eate lors des journ\u00e9es ensoleill\u00e9es.<\/p>\n","protected":false},"featured_media":524848,"template":"","meta":{"_seopress_robots_primary_cat":"","_seopress_titles_title":"","_seopress_titles_desc":"","_seopress_robots_index":""},"product_brand":[3366],"product_cat":[21,189,685,186],"product_tag":[],"class_list":{"0":"post-524855","1":"product","2":"type-product","3":"status-publish","4":"has-post-thumbnail","6":"product_brand-stihl","7":"product_cat-abbigliamento","8":"product_cat-abbigliamento-per-il-tempo-libero","9":"product_cat-abbigliamento-da-bambino","10":"product_cat-accessori-per-labbigliamento","12":"first","13":"instock","14":"shipping-taxable","15":"purchasable","16":"product-type-simple"},"_links":{"self":[{"href":"https:\/\/lucacastelli.com\/fr\/wp-json\/wp\/v2\/product\/524855","targetHints":{"allow":["GET"]}}],"collection":[{"href":"https:\/\/lucacastelli.com\/fr\/wp-json\/wp\/v2\/product"}],"about":[{"href":"https:\/\/lucacastelli.com\/fr\/wp-json\/wp\/v2\/types\/product"}],"wp:featuredmedia":[{"embeddable":true,"href":"https:\/\/lucacastelli.com\/fr\/wp-json\/wp\/v2\/media\/524848"}],"wp:attachment":[{"href":"https:\/\/lucacastelli.com\/fr\/wp-json\/wp\/v2\/media?parent=524855"}],"wp:term":[{"taxonomy":"product_brand","embeddable":true,"href":"https:\/\/lucacastelli.com\/fr\/wp-json\/wp\/v2\/product_brand?post=524855"},{"taxonomy":"product_cat","embeddable":true,"href":"https:\/\/lucacastelli.com\/fr\/wp-json\/wp\/v2\/product_cat?post=524855"},{"taxonomy":"product_tag","embeddable":true,"href":"https:\/\/lucacastelli.com\/fr\/wp-json\/wp\/v2\/product_tag?post=524855"}],"curies":[{"name":"wp","href":"https:\/\/api.w.org\/{rel}","templated":true}]}}