{"id":524123,"date":"2025-07-30T14:10:11","date_gmt":"2025-07-30T12:10:11","guid":{"rendered":"https:\/\/lucacastelli.com\/prodotto\/stihl-holzflachmann-2\/"},"modified":"2025-07-30T14:10:16","modified_gmt":"2025-07-30T12:10:16","slug":"stihl-holzflachmann-2","status":"publish","type":"product","link":"https:\/\/lucacastelli.com\/fr\/produit\/stihl-holzflachmann-2\/","title":{"rendered":"STIHL Holzflachmann"},"content":{"rendered":"<p>Que ce soit en randonn\u00e9e \u00e0 ski ou en montagne, la flasque en bois avec gravure STIHL attire tous les regards. La flasque classique en acier inoxydable est entour\u00e9e d&#8217;une coque en bois huil\u00e9 d&#8217;orme de montagne local. Chaque bouteille est fabriqu\u00e9e au Tyrol et, avec ses veines de bois individuelles, est une v\u00e9ritable pi\u00e8ce unique.<\/p>\n","protected":false},"excerpt":{"rendered":"<p>Que ce soit en randonn\u00e9e \u00e0 ski ou en montagne, la flasque en bois avec gravure STIHL attire tous les<\/p>\n","protected":false},"featured_media":524112,"template":"","meta":{"_seopress_robots_primary_cat":"","_seopress_titles_title":"","_seopress_titles_desc":"","_seopress_robots_index":""},"product_brand":[3366],"product_cat":[1103],"product_tag":[],"class_list":{"0":"post-524123","1":"product","2":"type-product","3":"status-publish","4":"has-post-thumbnail","6":"product_brand-stihl","7":"product_cat-shops","9":"first","10":"instock","11":"shipping-taxable","12":"purchasable","13":"product-type-simple"},"_links":{"self":[{"href":"https:\/\/lucacastelli.com\/fr\/wp-json\/wp\/v2\/product\/524123","targetHints":{"allow":["GET"]}}],"collection":[{"href":"https:\/\/lucacastelli.com\/fr\/wp-json\/wp\/v2\/product"}],"about":[{"href":"https:\/\/lucacastelli.com\/fr\/wp-json\/wp\/v2\/types\/product"}],"wp:featuredmedia":[{"embeddable":true,"href":"https:\/\/lucacastelli.com\/fr\/wp-json\/wp\/v2\/media\/524112"}],"wp:attachment":[{"href":"https:\/\/lucacastelli.com\/fr\/wp-json\/wp\/v2\/media?parent=524123"}],"wp:term":[{"taxonomy":"product_brand","embeddable":true,"href":"https:\/\/lucacastelli.com\/fr\/wp-json\/wp\/v2\/product_brand?post=524123"},{"taxonomy":"product_cat","embeddable":true,"href":"https:\/\/lucacastelli.com\/fr\/wp-json\/wp\/v2\/product_cat?post=524123"},{"taxonomy":"product_tag","embeddable":true,"href":"https:\/\/lucacastelli.com\/fr\/wp-json\/wp\/v2\/product_tag?post=524123"}],"curies":[{"name":"wp","href":"https:\/\/api.w.org\/{rel}","templated":true}]}}