{"id":524111,"date":"2025-07-30T14:09:57","date_gmt":"2025-07-30T12:09:57","guid":{"rendered":"https:\/\/lucacastelli.com\/prodotto\/stihl-torcia-tascabile-a-led-2\/"},"modified":"2025-07-30T14:10:02","modified_gmt":"2025-07-30T12:10:02","slug":"stihl-torcia-tascabile-a-led-2","status":"publish","type":"product","link":"https:\/\/lucacastelli.com\/fr\/produit\/stihl-torcia-tascabile-a-led-2\/","title":{"rendered":"STIHL Torcia tascabile a LED"},"content":{"rendered":"<p>Lampe de poche 3 W \u00e0 LED anodis\u00e9e noire et robuste constitu\u00e9e d\u2019aluminium avec gravure STIHL. Bouton-pression pratique situ\u00e9 \u00e0 l\u2019arri\u00e8re du bo\u00eetier pour allumage et extinction. 3 batteries AAA et cordon inclus dans la livraison.<\/p>\n","protected":false},"excerpt":{"rendered":"<p>Lampe de poche 3 W \u00e0 LED anodis\u00e9e noire et robuste constitu\u00e9e d\u2019aluminium avec gravure STIHL. Bouton-pression pratique situ\u00e9 \u00e0<\/p>\n","protected":false},"featured_media":524104,"template":"","meta":{"_seopress_robots_primary_cat":"","_seopress_titles_title":"","_seopress_titles_desc":"","_seopress_robots_index":""},"product_brand":[3555],"product_cat":[1477],"product_tag":[],"class_list":{"0":"post-524111","1":"product","2":"type-product","3":"status-publish","4":"has-post-thumbnail","6":"product_brand-stihl-fr","7":"product_cat-shop-fr","9":"first","10":"instock","11":"shipping-taxable","12":"purchasable","13":"product-type-simple"},"_links":{"self":[{"href":"https:\/\/lucacastelli.com\/fr\/wp-json\/wp\/v2\/product\/524111","targetHints":{"allow":["GET"]}}],"collection":[{"href":"https:\/\/lucacastelli.com\/fr\/wp-json\/wp\/v2\/product"}],"about":[{"href":"https:\/\/lucacastelli.com\/fr\/wp-json\/wp\/v2\/types\/product"}],"wp:featuredmedia":[{"embeddable":true,"href":"https:\/\/lucacastelli.com\/fr\/wp-json\/wp\/v2\/media\/524104"}],"wp:attachment":[{"href":"https:\/\/lucacastelli.com\/fr\/wp-json\/wp\/v2\/media?parent=524111"}],"wp:term":[{"taxonomy":"product_brand","embeddable":true,"href":"https:\/\/lucacastelli.com\/fr\/wp-json\/wp\/v2\/product_brand?post=524111"},{"taxonomy":"product_cat","embeddable":true,"href":"https:\/\/lucacastelli.com\/fr\/wp-json\/wp\/v2\/product_cat?post=524111"},{"taxonomy":"product_tag","embeddable":true,"href":"https:\/\/lucacastelli.com\/fr\/wp-json\/wp\/v2\/product_tag?post=524111"}],"curies":[{"name":"wp","href":"https:\/\/api.w.org\/{rel}","templated":true}]}}