{"id":524029,"date":"2025-07-30T13:56:32","date_gmt":"2025-07-30T11:56:32","guid":{"rendered":"https:\/\/lucacastelli.com\/prodotto\/stihl-t-shirt-59-2\/"},"modified":"2025-07-30T13:58:50","modified_gmt":"2025-07-30T11:58:50","slug":"stihl-t-shirt-59-2","status":"publish","type":"product","link":"https:\/\/lucacastelli.com\/fr\/produit\/stihl-t-shirt-59-2\/","title":{"rendered":"STIHL T-Shirt 59"},"content":{"rendered":"<p>Avec la Contra, STIHL a r\u00e9volutionn\u00e9 le travail forestier en 1959 et a \u00e9tabli de nouvelles normes dans le domaine des scies \u00e0 cha\u00eene. Cette ann\u00e9e reste inoubliable pour l&#8217;entreprise et pour de nombreux fans. C&#8217;est pourquoi ces T-shirts sont orn\u00e9s du num\u00e9ro 59 imprim\u00e9 et des mots &#8220;contra lightning&#8221;.<\/p>\n","protected":false},"excerpt":{"rendered":"<p>Avec la Contra, STIHL a r\u00e9volutionn\u00e9 le travail forestier en 1959 et a \u00e9tabli de nouvelles normes dans le domaine<\/p>\n","protected":false},"featured_media":524010,"template":"","meta":{"_seopress_robots_primary_cat":"","_seopress_titles_title":"","_seopress_titles_desc":"","_seopress_robots_index":""},"product_brand":[3555],"product_cat":[81,981,982],"product_tag":[],"class_list":{"0":"post-524029","1":"product","2":"type-product","3":"status-publish","4":"has-post-thumbnail","6":"product_brand-stihl-fr","7":"product_cat-vetements","8":"product_cat-vetements-de-loisirs","9":"product_cat-vetements-pour-hommes","10":"sws-gruppo-abb-libero-fr","11":"sws-conto-ricavi-merci-rivendita-abbigliamento-fr","12":"sws-gruppo-iva-iva81-fr","14":"first","15":"instock","16":"shipping-taxable","17":"product-type-variable"},"_links":{"self":[{"href":"https:\/\/lucacastelli.com\/fr\/wp-json\/wp\/v2\/product\/524029","targetHints":{"allow":["GET"]}}],"collection":[{"href":"https:\/\/lucacastelli.com\/fr\/wp-json\/wp\/v2\/product"}],"about":[{"href":"https:\/\/lucacastelli.com\/fr\/wp-json\/wp\/v2\/types\/product"}],"wp:featuredmedia":[{"embeddable":true,"href":"https:\/\/lucacastelli.com\/fr\/wp-json\/wp\/v2\/media\/524010"}],"wp:attachment":[{"href":"https:\/\/lucacastelli.com\/fr\/wp-json\/wp\/v2\/media?parent=524029"}],"wp:term":[{"taxonomy":"product_brand","embeddable":true,"href":"https:\/\/lucacastelli.com\/fr\/wp-json\/wp\/v2\/product_brand?post=524029"},{"taxonomy":"product_cat","embeddable":true,"href":"https:\/\/lucacastelli.com\/fr\/wp-json\/wp\/v2\/product_cat?post=524029"},{"taxonomy":"product_tag","embeddable":true,"href":"https:\/\/lucacastelli.com\/fr\/wp-json\/wp\/v2\/product_tag?post=524029"}],"curies":[{"name":"wp","href":"https:\/\/api.w.org\/{rel}","templated":true}]}}