{"id":524005,"date":"2025-07-30T13:55:32","date_gmt":"2025-07-30T11:55:32","guid":{"rendered":"https:\/\/lucacastelli.com\/prodotto\/stihl-socken-fir-2\/"},"modified":"2025-07-30T13:55:51","modified_gmt":"2025-07-30T11:55:51","slug":"stihl-socken-fir-2","status":"publish","type":"product","link":"https:\/\/lucacastelli.com\/fr\/produit\/stihl-socken-fir-2\/","title":{"rendered":"STIHL Socken FIR"},"content":{"rendered":"<p>Les chaussettes \u00e0 motifs sont depuis longtemps bien plus qu&#8217;une simple d\u00e9claration. Avec les motifs cultes sur les chaussettes FIR \u00e0 longueur de mollet, les arbres cachent la for\u00eat &#8211; ou inversement. Le m\u00e9lange de mati\u00e8res garantit un confort optimal. Et pas seulement dans la for\u00eat.<\/p>\n","protected":false},"excerpt":{"rendered":"<p>Les chaussettes \u00e0 motifs sont depuis longtemps bien plus qu&#8217;une simple d\u00e9claration. Avec les motifs cultes sur les chaussettes FIR<\/p>\n","protected":false},"featured_media":523998,"template":"","meta":{"_seopress_robots_primary_cat":"","_seopress_titles_title":"","_seopress_titles_desc":"","_seopress_robots_index":""},"product_brand":[3555],"product_cat":[81,981,1390,1399,1477],"product_tag":[],"class_list":{"0":"post-524005","1":"product","2":"type-product","3":"status-publish","4":"has-post-thumbnail","6":"product_brand-stihl-fr","7":"product_cat-vetements","8":"product_cat-vetements-de-loisirs","9":"product_cat-accessoires-dhabillement","10":"product_cat-accessoires-pour-chaussures","11":"product_cat-shop-fr","12":"sws-gruppo-abb-libero-fr","13":"sws-conto-ricavi-merci-rivendita-abbigliamento-fr","14":"sws-gruppo-iva-iva81-fr","16":"first","17":"instock","18":"shipping-taxable","19":"product-type-variable"},"_links":{"self":[{"href":"https:\/\/lucacastelli.com\/fr\/wp-json\/wp\/v2\/product\/524005","targetHints":{"allow":["GET"]}}],"collection":[{"href":"https:\/\/lucacastelli.com\/fr\/wp-json\/wp\/v2\/product"}],"about":[{"href":"https:\/\/lucacastelli.com\/fr\/wp-json\/wp\/v2\/types\/product"}],"wp:featuredmedia":[{"embeddable":true,"href":"https:\/\/lucacastelli.com\/fr\/wp-json\/wp\/v2\/media\/523998"}],"wp:attachment":[{"href":"https:\/\/lucacastelli.com\/fr\/wp-json\/wp\/v2\/media?parent=524005"}],"wp:term":[{"taxonomy":"product_brand","embeddable":true,"href":"https:\/\/lucacastelli.com\/fr\/wp-json\/wp\/v2\/product_brand?post=524005"},{"taxonomy":"product_cat","embeddable":true,"href":"https:\/\/lucacastelli.com\/fr\/wp-json\/wp\/v2\/product_cat?post=524005"},{"taxonomy":"product_tag","embeddable":true,"href":"https:\/\/lucacastelli.com\/fr\/wp-json\/wp\/v2\/product_tag?post=524005"}],"curies":[{"name":"wp","href":"https:\/\/api.w.org\/{rel}","templated":true}]}}