{"id":523991,"date":"2025-07-30T13:44:07","date_gmt":"2025-07-30T11:44:07","guid":{"rendered":"https:\/\/lucacastelli.com\/prodotto\/stihl-herrenuhr-retrograde-2\/"},"modified":"2025-07-30T13:44:12","modified_gmt":"2025-07-30T11:44:12","slug":"stihl-herrenuhr-retrograde-2","status":"publish","type":"product","link":"https:\/\/lucacastelli.com\/fr\/produit\/stihl-herrenuhr-retrograde-2\/","title":{"rendered":"STIHL Herrenuhr Retrograde"},"content":{"rendered":"<p>La montre multifonctions au design STIHL est un v\u00e9ritable multitalent : en plus de l&#8217;affichage classique de l&#8217;heure, la montre pour hommes offre une fonction dual time librement r\u00e9glable, un affichage de la date ainsi que des 24 heures. Le bo\u00eetier massif en acier inoxydable et le bracelet en cuir robuste permettent \u00e0 cette montre de sport de participer \u00e0 toutes les aventures. Fabriqu\u00e9e par Jacques Lemans.<\/p>\n<p>Bo\u00eetier en acier inoxydable massif, diam\u00e8tre 44 mm, bracelet en cuir, verre Crystex tremp\u00e9, \u00e9tanche \u00e0 10 ATM, compteur 24 heures et fonction d&#8217;arr\u00eat.<\/p>\n","protected":false},"excerpt":{"rendered":"<p>La montre multifonctions au design STIHL est un v\u00e9ritable multitalent : en plus de l&#8217;affichage classique de l&#8217;heure, la montre<\/p>\n","protected":false},"featured_media":523984,"template":"","meta":{"_seopress_robots_primary_cat":"","_seopress_titles_title":"","_seopress_titles_desc":"","_seopress_robots_index":""},"product_brand":[3555],"product_cat":[1477],"product_tag":[],"class_list":{"0":"post-523991","1":"product","2":"type-product","3":"status-publish","4":"has-post-thumbnail","6":"product_brand-stihl-fr","7":"product_cat-shop-fr","9":"first","10":"instock","11":"shipping-taxable","12":"purchasable","13":"product-type-simple"},"_links":{"self":[{"href":"https:\/\/lucacastelli.com\/fr\/wp-json\/wp\/v2\/product\/523991","targetHints":{"allow":["GET"]}}],"collection":[{"href":"https:\/\/lucacastelli.com\/fr\/wp-json\/wp\/v2\/product"}],"about":[{"href":"https:\/\/lucacastelli.com\/fr\/wp-json\/wp\/v2\/types\/product"}],"wp:featuredmedia":[{"embeddable":true,"href":"https:\/\/lucacastelli.com\/fr\/wp-json\/wp\/v2\/media\/523984"}],"wp:attachment":[{"href":"https:\/\/lucacastelli.com\/fr\/wp-json\/wp\/v2\/media?parent=523991"}],"wp:term":[{"taxonomy":"product_brand","embeddable":true,"href":"https:\/\/lucacastelli.com\/fr\/wp-json\/wp\/v2\/product_brand?post=523991"},{"taxonomy":"product_cat","embeddable":true,"href":"https:\/\/lucacastelli.com\/fr\/wp-json\/wp\/v2\/product_cat?post=523991"},{"taxonomy":"product_tag","embeddable":true,"href":"https:\/\/lucacastelli.com\/fr\/wp-json\/wp\/v2\/product_tag?post=523991"}],"curies":[{"name":"wp","href":"https:\/\/api.w.org\/{rel}","templated":true}]}}