{"id":523783,"date":"2025-07-30T09:31:51","date_gmt":"2025-07-30T07:31:51","guid":{"rendered":"https:\/\/lucacastelli.com\/prodotto\/stihl-coffee-2-go-cup-2\/"},"modified":"2025-07-30T09:31:56","modified_gmt":"2025-07-30T07:31:56","slug":"stihl-coffee-2-go-cup-2","status":"publish","type":"product","link":"https:\/\/lucacastelli.com\/fr\/produit\/stihl-coffee-2-go-cup-2\/","title":{"rendered":"STIHL Coffee 2 Go Cup"},"content":{"rendered":"<p>Tasse \u00e0 caf\u00e9 noire \u00e0 emporter avec haches imprim\u00e9es et logo &#8216;STIHL TIMBERSPORTS\u00ae&#8217;. Ce mug de haute qualit\u00e9 est fabriqu\u00e9 en acier inoxydable robuste et garde le caf\u00e9 chaud pendant longtemps. Un couvercle pratique avec bouchon \u00e0 vis emp\u00eache la boisson de se r\u00e9pandre involontairement. L&#8217;ouverture pour boire peut \u00eatre ferm\u00e9e avec un bouchon \u00e0 pression.<\/p>\n<p>Acier inoxydable, mat\u00e9riau synth\u00e9tique<br \/>\nCouleur noire<\/p>\n","protected":false},"excerpt":{"rendered":"<p>Tasse \u00e0 caf\u00e9 noire \u00e0 emporter avec haches imprim\u00e9es et logo &#8216;STIHL TIMBERSPORTS\u00ae&#8217;. Ce mug de haute qualit\u00e9 est fabriqu\u00e9<\/p>\n","protected":false},"featured_media":523776,"template":"","meta":{"_seopress_robots_primary_cat":"","_seopress_titles_title":"","_seopress_titles_desc":"","_seopress_robots_index":""},"product_brand":[3366],"product_cat":[1103],"product_tag":[],"class_list":{"0":"post-523783","1":"product","2":"type-product","3":"status-publish","4":"has-post-thumbnail","6":"product_brand-stihl","7":"product_cat-shops","9":"first","10":"onbackorder","11":"shipping-taxable","12":"purchasable","13":"product-type-simple"},"_links":{"self":[{"href":"https:\/\/lucacastelli.com\/fr\/wp-json\/wp\/v2\/product\/523783","targetHints":{"allow":["GET"]}}],"collection":[{"href":"https:\/\/lucacastelli.com\/fr\/wp-json\/wp\/v2\/product"}],"about":[{"href":"https:\/\/lucacastelli.com\/fr\/wp-json\/wp\/v2\/types\/product"}],"wp:featuredmedia":[{"embeddable":true,"href":"https:\/\/lucacastelli.com\/fr\/wp-json\/wp\/v2\/media\/523776"}],"wp:attachment":[{"href":"https:\/\/lucacastelli.com\/fr\/wp-json\/wp\/v2\/media?parent=523783"}],"wp:term":[{"taxonomy":"product_brand","embeddable":true,"href":"https:\/\/lucacastelli.com\/fr\/wp-json\/wp\/v2\/product_brand?post=523783"},{"taxonomy":"product_cat","embeddable":true,"href":"https:\/\/lucacastelli.com\/fr\/wp-json\/wp\/v2\/product_cat?post=523783"},{"taxonomy":"product_tag","embeddable":true,"href":"https:\/\/lucacastelli.com\/fr\/wp-json\/wp\/v2\/product_tag?post=523783"}],"curies":[{"name":"wp","href":"https:\/\/api.w.org\/{rel}","templated":true}]}}