{"id":523775,"date":"2025-07-30T09:31:42","date_gmt":"2025-07-30T07:31:42","guid":{"rendered":"https:\/\/lucacastelli.com\/prodotto\/stihl-pannello-portachiavi-motosega-con-magnete-2\/"},"modified":"2026-01-14T19:50:40","modified_gmt":"2026-01-14T18:50:40","slug":"stihl-pannello-portachiavi-motosega-con-magnete-2","status":"publish","type":"product","link":"https:\/\/lucacastelli.com\/fr\/produit\/stihl-pannello-portachiavi-motosega-con-magnete-2\/","title":{"rendered":"STIHL Pannello portachiavi &#8216;MOTOSEGA&#8217; con magnete"},"content":{"rendered":"<p>Ne cherchez plus jamais vos cl\u00e9s ! Avec ce panneau de cl\u00e9s STIHL en forme de tron\u00e7onneuse, toutes vos cl\u00e9s seront faciles \u00e0 trouver \u00e0 l&#8217;avenir. Le panneau de touches est en bois et s&#8217;inspire de la MS 500i. Un aimant int\u00e9gr\u00e9 dans le corps permet d&#8217;y placer des cl\u00e9s et d&#8217;autres objets m\u00e9talliques l\u00e9gers sans qu&#8217;ils ne tombent. Le panneau de cl\u00e9s comprend \u00e9galement quatre anneaux qui ressemblent \u00e0 la poign\u00e9e d&#8217;une tron\u00e7onneuse en m\u00e9tal.<\/p>\n<p>Panneau porte-cl\u00e9s : MDF avec panneau frontal en HPL, avec aimant int\u00e9gr\u00e9 ; pendentif, m\u00e9tal moul\u00e9, nylon noir galvanis\u00e9.<\/p>\n","protected":false},"excerpt":{"rendered":"<p>Ne cherchez plus jamais vos cl\u00e9s ! Avec ce panneau de cl\u00e9s STIHL en forme de tron\u00e7onneuse, toutes vos cl\u00e9s<\/p>\n","protected":false},"featured_media":523768,"template":"","meta":{"_seopress_robots_primary_cat":"","_seopress_titles_title":"","_seopress_titles_desc":"","_seopress_robots_index":""},"product_brand":[3555],"product_cat":[1477],"product_tag":[],"class_list":{"0":"post-523775","1":"product","2":"type-product","3":"status-publish","4":"has-post-thumbnail","6":"product_brand-stihl-fr","7":"product_cat-shop-fr","9":"first","10":"onbackorder","11":"shipping-taxable","12":"purchasable","13":"product-type-simple"},"_links":{"self":[{"href":"https:\/\/lucacastelli.com\/fr\/wp-json\/wp\/v2\/product\/523775","targetHints":{"allow":["GET"]}}],"collection":[{"href":"https:\/\/lucacastelli.com\/fr\/wp-json\/wp\/v2\/product"}],"about":[{"href":"https:\/\/lucacastelli.com\/fr\/wp-json\/wp\/v2\/types\/product"}],"wp:featuredmedia":[{"embeddable":true,"href":"https:\/\/lucacastelli.com\/fr\/wp-json\/wp\/v2\/media\/523768"}],"wp:attachment":[{"href":"https:\/\/lucacastelli.com\/fr\/wp-json\/wp\/v2\/media?parent=523775"}],"wp:term":[{"taxonomy":"product_brand","embeddable":true,"href":"https:\/\/lucacastelli.com\/fr\/wp-json\/wp\/v2\/product_brand?post=523775"},{"taxonomy":"product_cat","embeddable":true,"href":"https:\/\/lucacastelli.com\/fr\/wp-json\/wp\/v2\/product_cat?post=523775"},{"taxonomy":"product_tag","embeddable":true,"href":"https:\/\/lucacastelli.com\/fr\/wp-json\/wp\/v2\/product_tag?post=523775"}],"curies":[{"name":"wp","href":"https:\/\/api.w.org\/{rel}","templated":true}]}}